{"id":942,"date":"2024-11-02T16:15:14","date_gmt":"2024-11-02T14:15:14","guid":{"rendered":"https:\/\/funkeydj.com\/?page_id=942"},"modified":"2026-04-28T19:46:10","modified_gmt":"2026-04-28T17:46:10","slug":"sobre-mi","status":"publish","type":"page","link":"https:\/\/funkeydj.com\/es\/sobre-mi\/","title":{"rendered":"Sobre m\u00ed"},"content":{"rendered":"<p>[et_pb_section fb_built=\u00bb1&#8243; _builder_version=\u00bb4.27.0&#8243; _module_preset=\u00bbdefault\u00bb background_color=\u00bb#000000&#8243; global_colors_info=\u00bb{}\u00bb][et_pb_row _builder_version=\u00bb4.27.0&#8243; _module_preset=\u00bbdefault\u00bb global_colors_info=\u00bb{}\u00bb][et_pb_column type=\u00bb4_4&#8243; _builder_version=\u00bb4.27.0&#8243; _module_preset=\u00bbdefault\u00bb global_colors_info=\u00bb{}\u00bb][et_pb_image src=\u00bbhttps:\/\/funkeydj.com\/wp-content\/uploads\/2024\/09\/Funkey-Dj-de-bodas.png\u00bb title_text=\u00bbFunkey Dj de bodas\u00bb url=\u00bbhttps:\/\/funkeydj.com\u00bb url_new_window=\u00bbon\u00bb align=\u00bbcenter\u00bb _builder_version=\u00bb4.27.2&#8243; _module_preset=\u00bbdefault\u00bb global_colors_info=\u00bb{}\u00bb][\/et_pb_image][et_pb_text _builder_version=\u00bb4.27.6&#8243; _module_preset=\u00bbdefault\u00bb header_font=\u00bbMontserrat|||on|||||\u00bb header_text_align=\u00bbcenter\u00bb header_text_color=\u00bb#FFFFFF\u00bb header_2_font=\u00bbMontserrat|700||on|||||\u00bb header_2_text_align=\u00bbcenter\u00bb header_2_text_color=\u00bb#FFFFFF\u00bb header_2_font_size=\u00bb31px\u00bb custom_margin=\u00bb-37px||||false|false\u00bb hover_enabled=\u00bb0&#8243; header_font_tablet=\u00bbMontserrat|||on|||||\u00bb header_font_phone=\u00bbMontserrat|700||on|||||\u00bb header_font_last_edited=\u00bbon|desktop\u00bb header_text_align_tablet=\u00bbcenter\u00bb header_text_align_phone=\u00bbjustify\u00bb header_text_align_last_edited=\u00bbon|phone\u00bb locked=\u00bboff\u00bb global_colors_info=\u00bb{}\u00bb sticky_enabled=\u00bb0&#8243;]<\/p>\n<h1>Soy Miquel, DJ para bodas en Barcelona y Catalu\u00f1a<\/h1>\n<p>[\/et_pb_text][et_pb_button button_url=\u00bbhttps:\/\/wa.me\/656430369&#8243; url_new_window=\u00bbon\u00bb button_text=\u00bbConsultar disponibilidad para mi boda\u00bb button_alignment=\u00bbcenter\u00bb _builder_version=\u00bb4.27.6&#8243; _module_preset=\u00bbdefault\u00bb custom_button=\u00bbon\u00bb button_text_color=\u00bb#FFFFFF\u00bb button_font=\u00bbMontserrat||||||||\u00bb hover_enabled=\u00bb0&#8243; global_colors_info=\u00bb{}\u00bb sticky_enabled=\u00bb0&#8243;][\/et_pb_button][\/et_pb_column][\/et_pb_row][\/et_pb_section][et_pb_section fb_built=\u00bb1&#8243; _builder_version=\u00bb4.27.2&#8243; _module_preset=\u00bbdefault\u00bb global_colors_info=\u00bb{}\u00bb][et_pb_row column_structure=\u00bb3_5,2_5&#8243; _builder_version=\u00bb4.27.2&#8243; _module_preset=\u00bbdefault\u00bb global_colors_info=\u00bb{}\u00bb][et_pb_column type=\u00bb3_5&#8243; _builder_version=\u00bb4.27.2&#8243; _module_preset=\u00bbdefault\u00bb global_colors_info=\u00bb{}\u00bb][et_pb_image src=\u00bbhttps:\/\/funkeydj.com\/wp-content\/uploads\/2024\/10\/Dj-bodas-FunKey-.jpg\u00bb title_text=\u00bbDj bodas FunKey\u00bb _builder_version=\u00bb4.27.2&#8243; _module_preset=\u00bbdefault\u00bb width=\u00bb77%\u00bb global_colors_info=\u00bb{}\u00bb][\/et_pb_image][\/et_pb_column][et_pb_column type=\u00bb2_5&#8243; _builder_version=\u00bb4.27.2&#8243; _module_preset=\u00bbdefault\u00bb global_colors_info=\u00bb{}\u00bb][et_pb_text _builder_version=\u00bb4.27.6&#8243; _module_preset=\u00bbdefault\u00bb text_font=\u00bbMontserrat||||||||\u00bb text_text_color=\u00bb#000000&#8243; header_font=\u00bbGiaza|700|||||||\u00bb header_2_font=\u00bbMontserrat|600|||||||\u00bb header_2_text_align=\u00bbleft\u00bb header_2_font_size=\u00bb38px\u00bb custom_margin=\u00bb132px|||||\u00bb custom_margin_tablet=\u00bb132px|||||\u00bb custom_margin_phone=\u00bb0px||||false|false\u00bb custom_margin_last_edited=\u00bbon|phone\u00bb hover_enabled=\u00bb0&#8243; text_orientation_tablet=\u00bb\u00bb text_orientation_phone=\u00bbjustified\u00bb text_orientation_last_edited=\u00bbon|phone\u00bb global_colors_info=\u00bb{}\u00bb sticky_enabled=\u00bb0&#8243;]<\/p>\n<h2>Un DJ de bodas que escucha, prepara y se adapta a vuestra fiesta<\/h2>\n<p>[\/et_pb_text][et_pb_text _builder_version=\u00bb4.27.6&#8243; _module_preset=\u00bbdefault\u00bb text_font=\u00bbMontserrat||||||||\u00bb text_text_color=\u00bb#000000&#8243; hover_enabled=\u00bb0&#8243; text_orientation_tablet=\u00bb\u00bb text_orientation_phone=\u00bbjustified\u00bb text_orientation_last_edited=\u00bbon|phone\u00bb global_colors_info=\u00bb{}\u00bb text_font_size=\u00bb17px\u00bb sticky_enabled=\u00bb0&#8243;]<\/p>\n<p data-start=\"2279\" data-end=\"2562\">Soy Miquel, DJ profesional especializado en bodas en Barcelona y Catalu\u00f1a. Mi trabajo empieza mucho antes de que suene la primera canci\u00f3n: me re\u00fano con cada pareja para entender sus gustos, las canciones importantes, los estilos que prefieren evitar y el tipo de fiesta que imaginan.<\/p>\n<p data-start=\"2567\" data-end=\"2817\">El objetivo es que la m\u00fasica acompa\u00f1e cada momento de la boda con naturalidad: ceremonia, aperitivo, banquete y fiesta. Y cuando llega la pista, adapto la sesi\u00f3n en directo para que la energ\u00eda no decaiga y los invitados sigan bailando hasta el final.<\/p>\n<p>[\/et_pb_text][et_pb_button button_url=\u00bbhttps:\/\/wa.me\/656430369&#8243; url_new_window=\u00bbon\u00bb button_text=\u00bbConsultar si mi fecha est\u00e1 disponible\u00bb button_alignment=\u00bbcenter\u00bb _builder_version=\u00bb4.27.6&#8243; _module_preset=\u00bbdefault\u00bb custom_button=\u00bbon\u00bb button_font=\u00bbMontserrat||||||||\u00bb hover_enabled=\u00bb0&#8243; global_colors_info=\u00bb{}\u00bb button_text_size=\u00bb18px\u00bb sticky_enabled=\u00bb0&#8243;][\/et_pb_button][\/et_pb_column][\/et_pb_row][\/et_pb_section][et_pb_section fb_built=\u00bb1&#8243; _builder_version=\u00bb4.27.2&#8243; _module_preset=\u00bbdefault\u00bb global_colors_info=\u00bb{}\u00bb][et_pb_row _builder_version=\u00bb4.27.2&#8243; _module_preset=\u00bbdefault\u00bb global_colors_info=\u00bb{}\u00bb][et_pb_column type=\u00bb4_4&#8243; _builder_version=\u00bb4.27.2&#8243; _module_preset=\u00bbdefault\u00bb global_colors_info=\u00bb{}\u00bb][et_pb_text _builder_version=\u00bb4.27.6&#8243; _module_preset=\u00bbdefault\u00bb header_font=\u00bbMontserrat|||on|||||\u00bb header_2_font=\u00bbMontserrat|700||on|||||\u00bb header_2_text_align=\u00bbcenter\u00bb header_2_text_color=\u00bb#000000&#8243; header_2_font_size=\u00bb40px\u00bb hover_enabled=\u00bb0&#8243; header_2_font_size_tablet=\u00bb40px\u00bb header_2_font_size_phone=\u00bb30px\u00bb header_2_font_size_last_edited=\u00bbon|phone\u00bb global_colors_info=\u00bb{}\u00bb sticky_enabled=\u00bb0&#8243;]<\/p>\n<h2>La m\u00fasica de vuestra boda debe sonar a vosotros<\/h2>\n<p>[\/et_pb_text][et_pb_text _builder_version=\u00bb4.27.6&#8243; _module_preset=\u00bbdefault\u00bb text_font=\u00bbMontserrat||||||||\u00bb text_text_color=\u00bb#000000&#8243; hover_enabled=\u00bb0&#8243; text_orientation_tablet=\u00bb\u00bb text_orientation_phone=\u00bbjustified\u00bb text_orientation_last_edited=\u00bbon|phone\u00bb global_colors_info=\u00bb{}\u00bb text_font_size=\u00bb17px\u00bb text_orientation=\u00bbcenter\u00bb sticky_enabled=\u00bb0&#8243;]<\/p>\n<p data-start=\"4339\" data-end=\"4563\">No todas las bodas tienen que sonar igual. Hay parejas que quieren una ceremonia emotiva, un aperitivo elegante, un banquete con momentos especiales y una fiesta donde convivan generaciones, culturas y estilos muy distintos.<\/p>\n<p data-start=\"4568\" data-end=\"4764\">Por eso preparo cada boda de forma personalizada. La m\u00fasica tiene que representaros a vosotros, pero tambi\u00e9n debe funcionar con vuestros invitados para que la celebraci\u00f3n fluya de principio a fin.<\/p>\n<p>[\/et_pb_text][\/et_pb_column][\/et_pb_row][et_pb_row _builder_version=\u00bb4.27.2&#8243; _module_preset=\u00bbdefault\u00bb global_colors_info=\u00bb{}\u00bb][et_pb_column type=\u00bb4_4&#8243; _builder_version=\u00bb4.27.2&#8243; _module_preset=\u00bbdefault\u00bb global_colors_info=\u00bb{}\u00bb][et_pb_testimonial author=\u00bbGerard Font\u00bb portrait_url=\u00bbhttps:\/\/funkeydj.com\/wp-content\/uploads\/2024\/10\/FUNKYDJ-de-bodas.jpg\u00bb quote_icon_color=\u00bb#000000&#8243; quote_icon_background_color=\u00bb#FFFFFF\u00bb _builder_version=\u00bb4.27.6&#8243; _module_preset=\u00bbdefault\u00bb body_font=\u00bbMontserrat||||||||\u00bb body_text_color=\u00bb#000000&#8243; author_font=\u00bbMontserrat|700||on|||||\u00bb author_text_color=\u00bb#000000&#8243; background_color=\u00bb#FFFFFF\u00bb hover_enabled=\u00bb0&#8243; border_width_all=\u00bb1px\u00bb border_color_all=\u00bb#000000&#8243; border_width_all_portrait=\u00bb1px\u00bb border_color_all_portrait=\u00bb#000000&#8243; global_colors_info=\u00bb{}\u00bb body_font_size=\u00bb17px\u00bb sticky_enabled=\u00bb0&#8243;]<\/p>\n<p>\u201cExperiencia excepcional. En todo momento nos ofreci\u00f3 un trato personalizado y se adapt\u00f3 a nuestras peticiones.\u201d<\/p>\n<p>[\/et_pb_testimonial][\/et_pb_column][\/et_pb_row][\/et_pb_section][et_pb_section fb_built=\u00bb1&#8243; _builder_version=\u00bb4.27.2&#8243; _module_preset=\u00bbdefault\u00bb global_colors_info=\u00bb{}\u00bb][et_pb_row column_structure=\u00bb1_2,1_2&#8243; _builder_version=\u00bb4.27.2&#8243; _module_preset=\u00bbdefault\u00bb global_colors_info=\u00bb{}\u00bb][et_pb_column type=\u00bb1_2&#8243; _builder_version=\u00bb4.27.2&#8243; _module_preset=\u00bbdefault\u00bb global_colors_info=\u00bb{}\u00bb][et_pb_text _builder_version=\u00bb4.27.6&#8243; _module_preset=\u00bbdefault\u00bb header_font=\u00bbGiaza|700|||||||\u00bb header_2_font=\u00bbMontserrat|700||on|||||\u00bb header_2_font_size=\u00bb30px\u00bb custom_margin=\u00bb132px|||||\u00bb custom_margin_tablet=\u00bb132px|||||\u00bb custom_margin_phone=\u00bb0px||||false|false\u00bb custom_margin_last_edited=\u00bbon|phone\u00bb hover_enabled=\u00bb0&#8243; header_2_text_align_tablet=\u00bb\u00bb header_2_text_align_phone=\u00bbcenter\u00bb header_2_text_align_last_edited=\u00bbon|phone\u00bb global_colors_info=\u00bb{}\u00bb sticky_enabled=\u00bb0&#8243;]<\/p>\n<h2>M\u00fasica personalizada y sonido profesional para cada espacio<\/h2>\n<p>[\/et_pb_text][et_pb_text _builder_version=\u00bb4.27.6&#8243; _module_preset=\u00bbdefault\u00bb text_font=\u00bbMontserrat||||||||\u00bb text_text_color=\u00bb#000000&#8243; hover_enabled=\u00bb0&#8243; text_orientation_tablet=\u00bb\u00bb text_orientation_phone=\u00bbjustified\u00bb text_orientation_last_edited=\u00bbon|phone\u00bb global_colors_info=\u00bb{}\u00bb text_font_size=\u00bb17px\u00bb sticky_enabled=\u00bb0&#8243;]<\/p>\n<p data-start=\"6313\" data-end=\"6618\">Mi objetivo es que no teng\u00e1is que preocuparos por la parte musical ni t\u00e9cnica. Adem\u00e1s de preparar la selecci\u00f3n musical con vosotros, trabajo con equipo de sonido e iluminaci\u00f3n adaptado a distintos espacios: salones, mas\u00edas, jardines, ceremonias al aire libre y lugares con necesidades t\u00e9cnicas especiales.<\/p>\n<p data-start=\"6623\" data-end=\"6784\">As\u00ed conseguimos que los votos se escuchen claros, que el aperitivo tenga el ambiente adecuado y que la fiesta tenga la energ\u00eda que necesita para mantenerse viva.<\/p>\n<p>[\/et_pb_text][\/et_pb_column][et_pb_column type=\u00bb1_2&#8243; _builder_version=\u00bb4.27.2&#8243; _module_preset=\u00bbdefault\u00bb global_colors_info=\u00bb{}\u00bb][et_pb_image src=\u00bbhttps:\/\/funkeydj.com\/wp-content\/uploads\/2024\/10\/Dj-de-bodas.-.jpg\u00bb title_text=\u00bbDj de bodas..\u00bb _builder_version=\u00bb4.27.2&#8243; _module_preset=\u00bbdefault\u00bb global_colors_info=\u00bb{}\u00bb][\/et_pb_image][\/et_pb_column][\/et_pb_row][\/et_pb_section][et_pb_section fb_built=\u00bb1&#8243; _builder_version=\u00bb4.27.2&#8243; _module_preset=\u00bbdefault\u00bb background_image=\u00bbhttps:\/\/funkeydj.com\/wp-content\/uploads\/2024\/10\/Funkeydj-1.jpg\u00bb background_position=\u00bbtop_left\u00bb global_colors_info=\u00bb{}\u00bb][et_pb_row _builder_version=\u00bb4.27.2&#8243; _module_preset=\u00bbdefault\u00bb background_color=\u00bbrgba(0,0,0,0.75)\u00bb custom_padding=\u00bb30px|30px|30px|30px|true|true\u00bb global_colors_info=\u00bb{}\u00bb][et_pb_column type=\u00bb4_4&#8243; _builder_version=\u00bb4.27.2&#8243; _module_preset=\u00bbdefault\u00bb global_colors_info=\u00bb{}\u00bb][et_pb_text _builder_version=\u00bb4.27.6&#8243; _module_preset=\u00bbdefault\u00bb text_font=\u00bbMontserrat|||on|||||\u00bb text_text_color=\u00bb#FFFFFF\u00bb header_2_font=\u00bbMontserrat|700||on|||||\u00bb header_2_text_color=\u00bb#FFFFFF\u00bb text_orientation=\u00bbcenter\u00bb hover_enabled=\u00bb0&#8243; header_2_font_size_tablet=\u00bb\u00bb header_2_font_size_phone=\u00bb20px\u00bb header_2_font_size_last_edited=\u00bbon|phone\u00bb text_orientation_tablet=\u00bbcenter\u00bb text_orientation_phone=\u00bbjustified\u00bb text_orientation_last_edited=\u00bbon|phone\u00bb global_colors_info=\u00bb{}\u00bb sticky_enabled=\u00bb0&#8243;]<\/p>\n<p>Si busc\u00e1is un DJ para vuestra boda que os escuche, prepare la m\u00fasica con vosotros y se adapte a lo que ocurra en la pista, estar\u00e9 encantado de ayudaros a crear una celebraci\u00f3n con personalidad, buen sonido y mucha energ\u00eda.<\/p>\n<p><span><\/span><\/p>\n<h2>\u00bfQuer\u00e9is saber si puedo estar en vuestra boda?<\/h2>\n<p>[\/et_pb_text][et_pb_button button_url=\u00bbhttps:\/\/wa.me\/656430369&#8243; url_new_window=\u00bbon\u00bb button_text=\u00bbConsultar disponibilidad por WhatsApp\u00bb button_alignment=\u00bbcenter\u00bb _builder_version=\u00bb4.27.6&#8243; _module_preset=\u00bbdefault\u00bb custom_button=\u00bbon\u00bb button_text_color=\u00bb#FFFFFF\u00bb button_font=\u00bbMontserrat|||on|||||\u00bb hover_enabled=\u00bb0&#8243; button_text_size_tablet=\u00bb\u00bb button_text_size_phone=\u00bb16px\u00bb button_text_size_last_edited=\u00bbon|phone\u00bb global_colors_info=\u00bb{}\u00bb sticky_enabled=\u00bb0&#8243;][\/et_pb_button][\/et_pb_column][\/et_pb_row][\/et_pb_section]<\/p>\n","protected":false},"excerpt":{"rendered":"<p>Soy Miquel, DJ para bodas en Barcelona y Catalu\u00f1aUn DJ de bodas que escucha, prepara y se adapta a vuestra fiestaSoy Miquel, DJ profesional especializado en bodas en Barcelona y Catalu\u00f1a. Mi trabajo empieza mucho antes de que suene la primera canci\u00f3n: me re\u00fano con cada pareja para entender sus gustos, las canciones importantes, los [&hellip;]<\/p>\n","protected":false},"author":2,"featured_media":2052,"parent":0,"menu_order":0,"comment_status":"closed","ping_status":"closed","template":"","meta":{"_et_pb_use_builder":"on","_et_pb_old_content":"","_et_gb_content_width":"","_monsterinsights_skip_tracking":false,"_monsterinsights_sitenote_active":false,"_monsterinsights_sitenote_note":"","_monsterinsights_sitenote_category":0,"footnotes":""},"class_list":["post-942","page","type-page","status-publish","has-post-thumbnail","hentry"],"yoast_head":"<!-- This site is optimized with the Yoast SEO plugin v27.5 - https:\/\/yoast.com\/product\/yoast-seo-wordpress\/ -->\n<title>Miquel, DJ para bodas en Barcelona y Catalu\u00f1a | FunKeyDJ<\/title>\n<meta name=\"description\" content=\"Conoce a Miquel, DJ profesional para bodas en Barcelona y Catalu\u00f1a. M\u00fasica personalizada, sonido profesional e iluminaci\u00f3n para ceremonias, banquetes y fiestas.\" \/>\n<meta name=\"robots\" content=\"index, follow, max-snippet:-1, max-image-preview:large, max-video-preview:-1\" \/>\n<link rel=\"canonical\" href=\"https:\/\/funkeydj.com\/es\/sobre-mi\/\" \/>\n<meta property=\"og:locale\" content=\"es_ES\" \/>\n<meta property=\"og:type\" content=\"article\" \/>\n<meta property=\"og:title\" content=\"Miquel, DJ para bodas en Barcelona y Catalu\u00f1a | FunKeyDJ\" \/>\n<meta property=\"og:description\" content=\"Conoce a Miquel, DJ profesional para bodas en Barcelona y Catalu\u00f1a. M\u00fasica personalizada, sonido profesional e iluminaci\u00f3n para ceremonias, banquetes y fiestas.\" \/>\n<meta property=\"og:url\" content=\"https:\/\/funkeydj.com\/es\/sobre-mi\/\" \/>\n<meta property=\"og:site_name\" content=\"FunKey DJ Events\" \/>\n<meta property=\"article:modified_time\" content=\"2026-04-28T17:46:10+00:00\" \/>\n<meta property=\"og:image\" content=\"https:\/\/funkeydj.com\/wp-content\/uploads\/2025\/11\/Funkeydj-blog.jpg\" \/>\n\t<meta property=\"og:image:width\" content=\"1366\" \/>\n\t<meta property=\"og:image:height\" content=\"768\" \/>\n\t<meta property=\"og:image:type\" content=\"image\/jpeg\" \/>\n<meta name=\"twitter:card\" content=\"summary_large_image\" \/>\n<meta name=\"twitter:label1\" content=\"Tiempo de lectura\" \/>\n\t<meta name=\"twitter:data1\" content=\"3 minutos\" \/>\n<script type=\"application\/ld+json\" class=\"yoast-schema-graph\">{\"@context\":\"https:\\\/\\\/schema.org\",\"@graph\":[{\"@type\":\"WebPage\",\"@id\":\"https:\\\/\\\/funkeydj.com\\\/es\\\/sobre-mi\\\/\",\"url\":\"https:\\\/\\\/funkeydj.com\\\/es\\\/sobre-mi\\\/\",\"name\":\"Miquel, DJ para bodas en Barcelona y Catalu\u00f1a | FunKeyDJ\",\"isPartOf\":{\"@id\":\"https:\\\/\\\/funkeydj.com\\\/es\\\/#website\"},\"primaryImageOfPage\":{\"@id\":\"https:\\\/\\\/funkeydj.com\\\/es\\\/sobre-mi\\\/#primaryimage\"},\"image\":{\"@id\":\"https:\\\/\\\/funkeydj.com\\\/es\\\/sobre-mi\\\/#primaryimage\"},\"thumbnailUrl\":\"https:\\\/\\\/funkeydj.com\\\/wp-content\\\/uploads\\\/2025\\\/11\\\/Funkeydj-blog.jpg\",\"datePublished\":\"2024-11-02T14:15:14+00:00\",\"dateModified\":\"2026-04-28T17:46:10+00:00\",\"description\":\"Conoce a Miquel, DJ profesional para bodas en Barcelona y Catalu\u00f1a. M\u00fasica personalizada, sonido profesional e iluminaci\u00f3n para ceremonias, banquetes y fiestas.\",\"breadcrumb\":{\"@id\":\"https:\\\/\\\/funkeydj.com\\\/es\\\/sobre-mi\\\/#breadcrumb\"},\"inLanguage\":\"es\",\"potentialAction\":[{\"@type\":\"ReadAction\",\"target\":[\"https:\\\/\\\/funkeydj.com\\\/es\\\/sobre-mi\\\/\"]}]},{\"@type\":\"ImageObject\",\"inLanguage\":\"es\",\"@id\":\"https:\\\/\\\/funkeydj.com\\\/es\\\/sobre-mi\\\/#primaryimage\",\"url\":\"https:\\\/\\\/funkeydj.com\\\/wp-content\\\/uploads\\\/2025\\\/11\\\/Funkeydj-blog.jpg\",\"contentUrl\":\"https:\\\/\\\/funkeydj.com\\\/wp-content\\\/uploads\\\/2025\\\/11\\\/Funkeydj-blog.jpg\",\"width\":1366,\"height\":768,\"caption\":\"FunKeyDJ blog\"},{\"@type\":\"BreadcrumbList\",\"@id\":\"https:\\\/\\\/funkeydj.com\\\/es\\\/sobre-mi\\\/#breadcrumb\",\"itemListElement\":[{\"@type\":\"ListItem\",\"position\":1,\"name\":\"Portada\",\"item\":\"https:\\\/\\\/funkeydj.com\\\/es\\\/\"},{\"@type\":\"ListItem\",\"position\":2,\"name\":\"Sobre m\u00ed\"}]},{\"@type\":\"WebSite\",\"@id\":\"https:\\\/\\\/funkeydj.com\\\/es\\\/#website\",\"url\":\"https:\\\/\\\/funkeydj.com\\\/es\\\/\",\"name\":\"FunKey DJ Events\",\"description\":\"\u00a1Transforma tu evento en una experiencia ac\u00fastica y visual \u00fanica!\",\"publisher\":{\"@id\":\"https:\\\/\\\/funkeydj.com\\\/es\\\/#organization\"},\"potentialAction\":[{\"@type\":\"SearchAction\",\"target\":{\"@type\":\"EntryPoint\",\"urlTemplate\":\"https:\\\/\\\/funkeydj.com\\\/es\\\/?s={search_term_string}\"},\"query-input\":{\"@type\":\"PropertyValueSpecification\",\"valueRequired\":true,\"valueName\":\"search_term_string\"}}],\"inLanguage\":\"es\"},{\"@type\":\"Organization\",\"@id\":\"https:\\\/\\\/funkeydj.com\\\/es\\\/#organization\",\"name\":\"FunKeyDJ\",\"url\":\"https:\\\/\\\/funkeydj.com\\\/es\\\/\",\"logo\":{\"@type\":\"ImageObject\",\"inLanguage\":\"es\",\"@id\":\"https:\\\/\\\/funkeydj.com\\\/es\\\/#\\\/schema\\\/logo\\\/image\\\/\",\"url\":\"https:\\\/\\\/funkeydj.com\\\/wp-content\\\/uploads\\\/2022\\\/02\\\/FUNKEY-DJ-02-scaled.jpg\",\"contentUrl\":\"https:\\\/\\\/funkeydj.com\\\/wp-content\\\/uploads\\\/2022\\\/02\\\/FUNKEY-DJ-02-scaled.jpg\",\"width\":2560,\"height\":1732,\"caption\":\"FunKeyDJ\"},\"image\":{\"@id\":\"https:\\\/\\\/funkeydj.com\\\/es\\\/#\\\/schema\\\/logo\\\/image\\\/\"}}]}<\/script>\n<!-- \/ Yoast SEO plugin. -->","yoast_head_json":{"title":"Miquel, DJ para bodas en Barcelona y Catalu\u00f1a | FunKeyDJ","description":"Conoce a Miquel, DJ profesional para bodas en Barcelona y Catalu\u00f1a. M\u00fasica personalizada, sonido profesional e iluminaci\u00f3n para ceremonias, banquetes y fiestas.","robots":{"index":"index","follow":"follow","max-snippet":"max-snippet:-1","max-image-preview":"max-image-preview:large","max-video-preview":"max-video-preview:-1"},"canonical":"https:\/\/funkeydj.com\/es\/sobre-mi\/","og_locale":"es_ES","og_type":"article","og_title":"Miquel, DJ para bodas en Barcelona y Catalu\u00f1a | FunKeyDJ","og_description":"Conoce a Miquel, DJ profesional para bodas en Barcelona y Catalu\u00f1a. M\u00fasica personalizada, sonido profesional e iluminaci\u00f3n para ceremonias, banquetes y fiestas.","og_url":"https:\/\/funkeydj.com\/es\/sobre-mi\/","og_site_name":"FunKey DJ Events","article_modified_time":"2026-04-28T17:46:10+00:00","og_image":[{"width":1366,"height":768,"url":"https:\/\/funkeydj.com\/wp-content\/uploads\/2025\/11\/Funkeydj-blog.jpg","type":"image\/jpeg"}],"twitter_card":"summary_large_image","twitter_misc":{"Tiempo de lectura":"3 minutos"},"schema":{"@context":"https:\/\/schema.org","@graph":[{"@type":"WebPage","@id":"https:\/\/funkeydj.com\/es\/sobre-mi\/","url":"https:\/\/funkeydj.com\/es\/sobre-mi\/","name":"Miquel, DJ para bodas en Barcelona y Catalu\u00f1a | FunKeyDJ","isPartOf":{"@id":"https:\/\/funkeydj.com\/es\/#website"},"primaryImageOfPage":{"@id":"https:\/\/funkeydj.com\/es\/sobre-mi\/#primaryimage"},"image":{"@id":"https:\/\/funkeydj.com\/es\/sobre-mi\/#primaryimage"},"thumbnailUrl":"https:\/\/funkeydj.com\/wp-content\/uploads\/2025\/11\/Funkeydj-blog.jpg","datePublished":"2024-11-02T14:15:14+00:00","dateModified":"2026-04-28T17:46:10+00:00","description":"Conoce a Miquel, DJ profesional para bodas en Barcelona y Catalu\u00f1a. M\u00fasica personalizada, sonido profesional e iluminaci\u00f3n para ceremonias, banquetes y fiestas.","breadcrumb":{"@id":"https:\/\/funkeydj.com\/es\/sobre-mi\/#breadcrumb"},"inLanguage":"es","potentialAction":[{"@type":"ReadAction","target":["https:\/\/funkeydj.com\/es\/sobre-mi\/"]}]},{"@type":"ImageObject","inLanguage":"es","@id":"https:\/\/funkeydj.com\/es\/sobre-mi\/#primaryimage","url":"https:\/\/funkeydj.com\/wp-content\/uploads\/2025\/11\/Funkeydj-blog.jpg","contentUrl":"https:\/\/funkeydj.com\/wp-content\/uploads\/2025\/11\/Funkeydj-blog.jpg","width":1366,"height":768,"caption":"FunKeyDJ blog"},{"@type":"BreadcrumbList","@id":"https:\/\/funkeydj.com\/es\/sobre-mi\/#breadcrumb","itemListElement":[{"@type":"ListItem","position":1,"name":"Portada","item":"https:\/\/funkeydj.com\/es\/"},{"@type":"ListItem","position":2,"name":"Sobre m\u00ed"}]},{"@type":"WebSite","@id":"https:\/\/funkeydj.com\/es\/#website","url":"https:\/\/funkeydj.com\/es\/","name":"FunKey DJ Events","description":"\u00a1Transforma tu evento en una experiencia ac\u00fastica y visual \u00fanica!","publisher":{"@id":"https:\/\/funkeydj.com\/es\/#organization"},"potentialAction":[{"@type":"SearchAction","target":{"@type":"EntryPoint","urlTemplate":"https:\/\/funkeydj.com\/es\/?s={search_term_string}"},"query-input":{"@type":"PropertyValueSpecification","valueRequired":true,"valueName":"search_term_string"}}],"inLanguage":"es"},{"@type":"Organization","@id":"https:\/\/funkeydj.com\/es\/#organization","name":"FunKeyDJ","url":"https:\/\/funkeydj.com\/es\/","logo":{"@type":"ImageObject","inLanguage":"es","@id":"https:\/\/funkeydj.com\/es\/#\/schema\/logo\/image\/","url":"https:\/\/funkeydj.com\/wp-content\/uploads\/2022\/02\/FUNKEY-DJ-02-scaled.jpg","contentUrl":"https:\/\/funkeydj.com\/wp-content\/uploads\/2022\/02\/FUNKEY-DJ-02-scaled.jpg","width":2560,"height":1732,"caption":"FunKeyDJ"},"image":{"@id":"https:\/\/funkeydj.com\/es\/#\/schema\/logo\/image\/"}}]}},"_links":{"self":[{"href":"https:\/\/funkeydj.com\/es\/wp-json\/wp\/v2\/pages\/942","targetHints":{"allow":["GET"]}}],"collection":[{"href":"https:\/\/funkeydj.com\/es\/wp-json\/wp\/v2\/pages"}],"about":[{"href":"https:\/\/funkeydj.com\/es\/wp-json\/wp\/v2\/types\/page"}],"author":[{"embeddable":true,"href":"https:\/\/funkeydj.com\/es\/wp-json\/wp\/v2\/users\/2"}],"replies":[{"embeddable":true,"href":"https:\/\/funkeydj.com\/es\/wp-json\/wp\/v2\/comments?post=942"}],"version-history":[{"count":8,"href":"https:\/\/funkeydj.com\/es\/wp-json\/wp\/v2\/pages\/942\/revisions"}],"predecessor-version":[{"id":2700,"href":"https:\/\/funkeydj.com\/es\/wp-json\/wp\/v2\/pages\/942\/revisions\/2700"}],"wp:featuredmedia":[{"embeddable":true,"href":"https:\/\/funkeydj.com\/es\/wp-json\/wp\/v2\/media\/2052"}],"wp:attachment":[{"href":"https:\/\/funkeydj.com\/es\/wp-json\/wp\/v2\/media?parent=942"}],"curies":[{"name":"wp","href":"https:\/\/api.w.org\/{rel}","templated":true}]}}