{"id":669,"date":"2023-12-29T20:45:23","date_gmt":"2023-12-29T18:45:23","guid":{"rendered":"https:\/\/funkeydj.com\/?page_id=669"},"modified":"2026-04-28T20:57:59","modified_gmt":"2026-04-28T18:57:59","slug":"blog","status":"publish","type":"page","link":"https:\/\/funkeydj.com\/es\/blog\/","title":{"rendered":"Blog"},"content":{"rendered":"<p>[et_pb_section fb_built=\u00bb1&#8243; _builder_version=\u00bb4.27.4&#8243; _module_preset=\u00bbdefault\u00bb background_color=\u00bb#000000&#8243; background_enable_image=\u00bboff\u00bb global_colors_info=\u00bb{}\u00bb][et_pb_row _builder_version=\u00bb4.23.1&#8243; _module_preset=\u00bbdefault\u00bb global_colors_info=\u00bb{}\u00bb][et_pb_column type=\u00bb4_4&#8243; _builder_version=\u00bb4.23.1&#8243; _module_preset=\u00bbdefault\u00bb global_colors_info=\u00bb{}\u00bb][et_pb_heading title=\u00bbBlog\u00bb _builder_version=\u00bb4.27.4&#8243; _module_preset=\u00bbdefault\u00bb title_font=\u00bbMontserrat|800|||||||\u00bb title_text_align=\u00bbcenter\u00bb title_text_color=\u00bb#FFFFFF\u00bb title_font_size=\u00bb35px\u00bb module_alignment=\u00bbcenter\u00bb global_colors_info=\u00bb{}\u00bb][\/et_pb_heading][et_pb_heading title=\u00bbEn este blog encontrar\u00e1s contenido de valor relacionado con el mundo de la m\u00fasica en bodas y eventos corporativos.\u00bb _builder_version=\u00bb4.27.5&#8243; _module_preset=\u00bbdefault\u00bb title_level=\u00bbh2&#8243; title_font=\u00bbMontserrat|500|||||||\u00bb title_text_align=\u00bbcenter\u00bb title_text_color=\u00bb#FFFFFF\u00bb title_font_size=\u00bb24px\u00bb hover_enabled=\u00bb0&#8243; global_colors_info=\u00bb{}\u00bb sticky_enabled=\u00bb0&#8243;][\/et_pb_heading][\/et_pb_column][\/et_pb_row][et_pb_row _builder_version=\u00bb4.23.1&#8243; _module_preset=\u00bbdefault\u00bb global_colors_info=\u00bb{}\u00bb][et_pb_column type=\u00bb4_4&#8243; _builder_version=\u00bb4.23.1&#8243; _module_preset=\u00bbdefault\u00bb global_colors_info=\u00bb{}\u00bb][et_pb_blog_extras posts_number=\u00bb100&#8243; blog_layout=\u00bbblock_extended\u00bb image_position=\u00bbbackground\u00bb show_date=\u00bboff\u00bb show_categories=\u00bboff\u00bb show_comments=\u00bboff\u00bb _builder_version=\u00bb4.27.5&#8243; _module_preset=\u00bbdefault\u00bb header_font=\u00bbMontserrat|700|||||||\u00bb header_font_size=\u00bb20px\u00bb hover_enabled=\u00bb0&#8243; global_colors_info=\u00bb{}\u00bb read_more_text=\u00bbSeguir leyendo\u00bb sticky_enabled=\u00bb0&#8243;][\/et_pb_blog_extras][\/et_pb_column][\/et_pb_row][\/et_pb_section]<\/p>\n","protected":false},"excerpt":{"rendered":"","protected":false},"author":1,"featured_media":2052,"parent":0,"menu_order":0,"comment_status":"closed","ping_status":"closed","template":"","meta":{"_et_pb_use_builder":"on","_et_pb_old_content":"","_et_gb_content_width":"","_monsterinsights_skip_tracking":false,"_monsterinsights_sitenote_active":false,"_monsterinsights_sitenote_note":"","_monsterinsights_sitenote_category":0,"footnotes":""},"class_list":["post-669","page","type-page","status-publish","has-post-thumbnail","hentry"],"yoast_head":"<!-- This site is optimized with the Yoast SEO plugin v27.5 - https:\/\/yoast.com\/product\/yoast-seo-wordpress\/ -->\n<title>Consejos de m\u00fasica para bodas | Blog FunKeyDJ<\/title>\n<meta name=\"description\" content=\"Ideas y consejos para elegir la m\u00fasica de tu boda, cuidar el sonido, preparar la fiesta y encontrar el DJ perfecto para bodas en Barcelona y Catalu\u00f1a.\" \/>\n<meta name=\"robots\" content=\"index, follow, max-snippet:-1, max-image-preview:large, max-video-preview:-1\" \/>\n<link rel=\"canonical\" href=\"https:\/\/funkeydj.com\/es\/blog\/\" \/>\n<meta property=\"og:locale\" content=\"es_ES\" \/>\n<meta property=\"og:type\" content=\"article\" \/>\n<meta property=\"og:title\" content=\"Consejos de m\u00fasica para bodas | Blog FunKeyDJ\" \/>\n<meta property=\"og:description\" content=\"Ideas y consejos para elegir la m\u00fasica de tu boda, cuidar el sonido, preparar la fiesta y encontrar el DJ perfecto para bodas en Barcelona y Catalu\u00f1a.\" \/>\n<meta property=\"og:url\" content=\"https:\/\/funkeydj.com\/es\/blog\/\" \/>\n<meta property=\"og:site_name\" content=\"FunKey DJ Events\" \/>\n<meta property=\"article:modified_time\" content=\"2026-04-28T18:57:59+00:00\" \/>\n<meta property=\"og:image\" content=\"https:\/\/funkeydj.com\/wp-content\/uploads\/2025\/11\/Funkeydj-blog.jpg\" \/>\n\t<meta property=\"og:image:width\" content=\"1366\" \/>\n\t<meta property=\"og:image:height\" content=\"768\" \/>\n\t<meta property=\"og:image:type\" content=\"image\/jpeg\" \/>\n<meta name=\"twitter:card\" content=\"summary_large_image\" \/>\n<meta name=\"twitter:label1\" content=\"Tiempo de lectura\" \/>\n\t<meta name=\"twitter:data1\" content=\"23 minutos\" \/>\n<script type=\"application\/ld+json\" class=\"yoast-schema-graph\">{\"@context\":\"https:\\\/\\\/schema.org\",\"@graph\":[{\"@type\":\"WebPage\",\"@id\":\"https:\\\/\\\/funkeydj.com\\\/es\\\/blog\\\/\",\"url\":\"https:\\\/\\\/funkeydj.com\\\/es\\\/blog\\\/\",\"name\":\"Consejos de m\u00fasica para bodas | Blog FunKeyDJ\",\"isPartOf\":{\"@id\":\"https:\\\/\\\/funkeydj.com\\\/es\\\/#website\"},\"primaryImageOfPage\":{\"@id\":\"https:\\\/\\\/funkeydj.com\\\/es\\\/blog\\\/#primaryimage\"},\"image\":{\"@id\":\"https:\\\/\\\/funkeydj.com\\\/es\\\/blog\\\/#primaryimage\"},\"thumbnailUrl\":\"https:\\\/\\\/funkeydj.com\\\/wp-content\\\/uploads\\\/2025\\\/11\\\/Funkeydj-blog.jpg\",\"datePublished\":\"2023-12-29T18:45:23+00:00\",\"dateModified\":\"2026-04-28T18:57:59+00:00\",\"description\":\"Ideas y consejos para elegir la m\u00fasica de tu boda, cuidar el sonido, preparar la fiesta y encontrar el DJ perfecto para bodas en Barcelona y Catalu\u00f1a.\",\"breadcrumb\":{\"@id\":\"https:\\\/\\\/funkeydj.com\\\/es\\\/blog\\\/#breadcrumb\"},\"inLanguage\":\"es\",\"potentialAction\":[{\"@type\":\"ReadAction\",\"target\":[\"https:\\\/\\\/funkeydj.com\\\/es\\\/blog\\\/\"]}]},{\"@type\":\"ImageObject\",\"inLanguage\":\"es\",\"@id\":\"https:\\\/\\\/funkeydj.com\\\/es\\\/blog\\\/#primaryimage\",\"url\":\"https:\\\/\\\/funkeydj.com\\\/wp-content\\\/uploads\\\/2025\\\/11\\\/Funkeydj-blog.jpg\",\"contentUrl\":\"https:\\\/\\\/funkeydj.com\\\/wp-content\\\/uploads\\\/2025\\\/11\\\/Funkeydj-blog.jpg\",\"width\":1366,\"height\":768,\"caption\":\"FunKeyDJ blog\"},{\"@type\":\"BreadcrumbList\",\"@id\":\"https:\\\/\\\/funkeydj.com\\\/es\\\/blog\\\/#breadcrumb\",\"itemListElement\":[{\"@type\":\"ListItem\",\"position\":1,\"name\":\"Portada\",\"item\":\"https:\\\/\\\/funkeydj.com\\\/es\\\/\"},{\"@type\":\"ListItem\",\"position\":2,\"name\":\"Blog\"}]},{\"@type\":\"WebSite\",\"@id\":\"https:\\\/\\\/funkeydj.com\\\/es\\\/#website\",\"url\":\"https:\\\/\\\/funkeydj.com\\\/es\\\/\",\"name\":\"FunKey DJ Events\",\"description\":\"\u00a1Transforma tu evento en una experiencia ac\u00fastica y visual \u00fanica!\",\"publisher\":{\"@id\":\"https:\\\/\\\/funkeydj.com\\\/es\\\/#organization\"},\"potentialAction\":[{\"@type\":\"SearchAction\",\"target\":{\"@type\":\"EntryPoint\",\"urlTemplate\":\"https:\\\/\\\/funkeydj.com\\\/es\\\/?s={search_term_string}\"},\"query-input\":{\"@type\":\"PropertyValueSpecification\",\"valueRequired\":true,\"valueName\":\"search_term_string\"}}],\"inLanguage\":\"es\"},{\"@type\":\"Organization\",\"@id\":\"https:\\\/\\\/funkeydj.com\\\/es\\\/#organization\",\"name\":\"FunKeyDJ\",\"url\":\"https:\\\/\\\/funkeydj.com\\\/es\\\/\",\"logo\":{\"@type\":\"ImageObject\",\"inLanguage\":\"es\",\"@id\":\"https:\\\/\\\/funkeydj.com\\\/es\\\/#\\\/schema\\\/logo\\\/image\\\/\",\"url\":\"https:\\\/\\\/funkeydj.com\\\/wp-content\\\/uploads\\\/2022\\\/02\\\/FUNKEY-DJ-02-scaled.jpg\",\"contentUrl\":\"https:\\\/\\\/funkeydj.com\\\/wp-content\\\/uploads\\\/2022\\\/02\\\/FUNKEY-DJ-02-scaled.jpg\",\"width\":2560,\"height\":1732,\"caption\":\"FunKeyDJ\"},\"image\":{\"@id\":\"https:\\\/\\\/funkeydj.com\\\/es\\\/#\\\/schema\\\/logo\\\/image\\\/\"}}]}<\/script>\n<!-- \/ Yoast SEO plugin. -->","yoast_head_json":{"title":"Consejos de m\u00fasica para bodas | Blog FunKeyDJ","description":"Ideas y consejos para elegir la m\u00fasica de tu boda, cuidar el sonido, preparar la fiesta y encontrar el DJ perfecto para bodas en Barcelona y Catalu\u00f1a.","robots":{"index":"index","follow":"follow","max-snippet":"max-snippet:-1","max-image-preview":"max-image-preview:large","max-video-preview":"max-video-preview:-1"},"canonical":"https:\/\/funkeydj.com\/es\/blog\/","og_locale":"es_ES","og_type":"article","og_title":"Consejos de m\u00fasica para bodas | Blog FunKeyDJ","og_description":"Ideas y consejos para elegir la m\u00fasica de tu boda, cuidar el sonido, preparar la fiesta y encontrar el DJ perfecto para bodas en Barcelona y Catalu\u00f1a.","og_url":"https:\/\/funkeydj.com\/es\/blog\/","og_site_name":"FunKey DJ Events","article_modified_time":"2026-04-28T18:57:59+00:00","og_image":[{"width":1366,"height":768,"url":"https:\/\/funkeydj.com\/wp-content\/uploads\/2025\/11\/Funkeydj-blog.jpg","type":"image\/jpeg"}],"twitter_card":"summary_large_image","twitter_misc":{"Tiempo de lectura":"23 minutos"},"schema":{"@context":"https:\/\/schema.org","@graph":[{"@type":"WebPage","@id":"https:\/\/funkeydj.com\/es\/blog\/","url":"https:\/\/funkeydj.com\/es\/blog\/","name":"Consejos de m\u00fasica para bodas | Blog FunKeyDJ","isPartOf":{"@id":"https:\/\/funkeydj.com\/es\/#website"},"primaryImageOfPage":{"@id":"https:\/\/funkeydj.com\/es\/blog\/#primaryimage"},"image":{"@id":"https:\/\/funkeydj.com\/es\/blog\/#primaryimage"},"thumbnailUrl":"https:\/\/funkeydj.com\/wp-content\/uploads\/2025\/11\/Funkeydj-blog.jpg","datePublished":"2023-12-29T18:45:23+00:00","dateModified":"2026-04-28T18:57:59+00:00","description":"Ideas y consejos para elegir la m\u00fasica de tu boda, cuidar el sonido, preparar la fiesta y encontrar el DJ perfecto para bodas en Barcelona y Catalu\u00f1a.","breadcrumb":{"@id":"https:\/\/funkeydj.com\/es\/blog\/#breadcrumb"},"inLanguage":"es","potentialAction":[{"@type":"ReadAction","target":["https:\/\/funkeydj.com\/es\/blog\/"]}]},{"@type":"ImageObject","inLanguage":"es","@id":"https:\/\/funkeydj.com\/es\/blog\/#primaryimage","url":"https:\/\/funkeydj.com\/wp-content\/uploads\/2025\/11\/Funkeydj-blog.jpg","contentUrl":"https:\/\/funkeydj.com\/wp-content\/uploads\/2025\/11\/Funkeydj-blog.jpg","width":1366,"height":768,"caption":"FunKeyDJ blog"},{"@type":"BreadcrumbList","@id":"https:\/\/funkeydj.com\/es\/blog\/#breadcrumb","itemListElement":[{"@type":"ListItem","position":1,"name":"Portada","item":"https:\/\/funkeydj.com\/es\/"},{"@type":"ListItem","position":2,"name":"Blog"}]},{"@type":"WebSite","@id":"https:\/\/funkeydj.com\/es\/#website","url":"https:\/\/funkeydj.com\/es\/","name":"FunKey DJ Events","description":"\u00a1Transforma tu evento en una experiencia ac\u00fastica y visual \u00fanica!","publisher":{"@id":"https:\/\/funkeydj.com\/es\/#organization"},"potentialAction":[{"@type":"SearchAction","target":{"@type":"EntryPoint","urlTemplate":"https:\/\/funkeydj.com\/es\/?s={search_term_string}"},"query-input":{"@type":"PropertyValueSpecification","valueRequired":true,"valueName":"search_term_string"}}],"inLanguage":"es"},{"@type":"Organization","@id":"https:\/\/funkeydj.com\/es\/#organization","name":"FunKeyDJ","url":"https:\/\/funkeydj.com\/es\/","logo":{"@type":"ImageObject","inLanguage":"es","@id":"https:\/\/funkeydj.com\/es\/#\/schema\/logo\/image\/","url":"https:\/\/funkeydj.com\/wp-content\/uploads\/2022\/02\/FUNKEY-DJ-02-scaled.jpg","contentUrl":"https:\/\/funkeydj.com\/wp-content\/uploads\/2022\/02\/FUNKEY-DJ-02-scaled.jpg","width":2560,"height":1732,"caption":"FunKeyDJ"},"image":{"@id":"https:\/\/funkeydj.com\/es\/#\/schema\/logo\/image\/"}}]}},"_links":{"self":[{"href":"https:\/\/funkeydj.com\/es\/wp-json\/wp\/v2\/pages\/669","targetHints":{"allow":["GET"]}}],"collection":[{"href":"https:\/\/funkeydj.com\/es\/wp-json\/wp\/v2\/pages"}],"about":[{"href":"https:\/\/funkeydj.com\/es\/wp-json\/wp\/v2\/types\/page"}],"author":[{"embeddable":true,"href":"https:\/\/funkeydj.com\/es\/wp-json\/wp\/v2\/users\/1"}],"replies":[{"embeddable":true,"href":"https:\/\/funkeydj.com\/es\/wp-json\/wp\/v2\/comments?post=669"}],"version-history":[{"count":10,"href":"https:\/\/funkeydj.com\/es\/wp-json\/wp\/v2\/pages\/669\/revisions"}],"predecessor-version":[{"id":2750,"href":"https:\/\/funkeydj.com\/es\/wp-json\/wp\/v2\/pages\/669\/revisions\/2750"}],"wp:featuredmedia":[{"embeddable":true,"href":"https:\/\/funkeydj.com\/es\/wp-json\/wp\/v2\/media\/2052"}],"wp:attachment":[{"href":"https:\/\/funkeydj.com\/es\/wp-json\/wp\/v2\/media?parent=669"}],"curies":[{"name":"wp","href":"https:\/\/api.w.org\/{rel}","templated":true}]}}