{"id":1615,"date":"2025-02-08T20:44:45","date_gmt":"2025-02-08T18:44:45","guid":{"rendered":"https:\/\/funkeydj.com\/?page_id=1615"},"modified":"2025-11-10T23:15:07","modified_gmt":"2025-11-10T21:15:07","slug":"cookies","status":"publish","type":"page","link":"https:\/\/funkeydj.com\/es\/cookies\/","title":{"rendered":"Pol\u00edtica de Cookies"},"content":{"rendered":"<p>[et_pb_section fb_built=\u00bb1&#8243; admin_label=\u00bbsection\u00bb _builder_version=\u00bb4.16&#8243; global_colors_info=\u00bb{}\u00bb][et_pb_row admin_label=\u00bbrow\u00bb _builder_version=\u00bb4.16&#8243; background_size=\u00bbinitial\u00bb background_position=\u00bbtop_left\u00bb background_repeat=\u00bbrepeat\u00bb global_colors_info=\u00bb{}\u00bb][et_pb_column type=\u00bb4_4&#8243; _builder_version=\u00bb4.16&#8243; custom_padding=\u00bb|||\u00bb global_colors_info=\u00bb{}\u00bb custom_padding__hover=\u00bb|||\u00bb][et_pb_text admin_label=\u00bbText\u00bb _builder_version=\u00bb4.16&#8243; background_size=\u00bbinitial\u00bb background_position=\u00bbtop_left\u00bb background_repeat=\u00bbrepeat\u00bb global_colors_info=\u00bb{}\u00bb]<\/p>\n<div class=\"et_pb_row et_pb_row_1\">\n<div class=\"et_pb_column et_pb_column_4_4 et_pb_column_1  et_pb_css_mix_blend_mode_passthrough et-last-child\">\n<div class=\"et_pb_module et_pb_text et_pb_text_0  et_pb_text_align_left et_pb_bg_layout_light\">\n<div class=\"et_pb_text_inner\">\n<h1><em>\u00a0 Pol\u00edtica de Cookies<\/em><\/h1>\n<p>&nbsp;<\/p>\n<ul>\n<li aria-level=\"1\"><b>\u00bfQu\u00e9 son las cookies?\u00a0<\/b><\/li>\n<\/ul>\n<p><span>Las cookies son peque\u00f1os archivos de texto que se colocan en el equipo de los usuarios que visiten un sitio web para almacenar informaci\u00f3n y recuperar la informaci\u00f3n ya almacenada. A veces, en FunKeyDJ (Miquel Andreu), utilizamos estos archivos para que nuestro sitio web funcione correctamente.\u00a0<\/span><\/p>\n<p><b><\/b><\/p>\n<ul>\n<li aria-level=\"1\"><b>Tipos de cookies<\/b><\/li>\n<\/ul>\n<p><span>Las cookies\u00a0<\/span><b>pueden dividirse en diferentes categor\u00edas en funci\u00f3n de su procedencia, duraci\u00f3n y finalidad<\/b><span>:<\/span><\/p>\n<p><b>Procedencia<\/b><span>:<\/span><\/p>\n<ul>\n<li aria-level=\"1\"><b>Cookies propias<\/b><span>\u00a0\u2013 El sitio web que est\u00e1s navegando es el que env\u00eda estas cookies a tu dispositivo.<\/span><\/li>\n<li aria-level=\"1\"><b>Cookies de tercero<\/b><span>\u00a0\u2013 En este caso, no es el sitio web que est\u00e1s navegando el que env\u00eda estas cookies a tu dispositivo, sino un tercero como un anunciante o un sistema anal\u00edtico.<\/span><\/li>\n<\/ul>\n<p><b>Duraci\u00f3n<\/b><span>:<\/span><\/p>\n<ul>\n<li aria-level=\"1\"><b>Cookies de sesi\u00f3n<\/b><span>\u00a0\u2013 Estas cookies son temporales; solo permanecen mientras el usuario mantiene abierto su navegador (o una vez finalizada la sesi\u00f3n). Se suelen emplear para almacenar informaci\u00f3n que solo interesa conservar para la prestaci\u00f3n del servicio solicitado por el usuario en una sola ocasi\u00f3n (por ejemplo, una lista de productos adquiridos).<\/span><\/li>\n<li aria-level=\"1\"><b>Cookies persistentes<\/b><span>\u00a0\u2013 Son aquellas que permanecen en el disco duro del usuario hasta que \u00e9ste las borra o hasta que lo hace su navegador, en funci\u00f3n de su fecha de caducidad (pueden durar, en principio, desde unos minutos a unos a\u00f1os).<\/span><\/li>\n<\/ul>\n<p><b>Finalidad:<\/b><\/p>\n<ul>\n<li aria-level=\"1\"><b>Cookies t\u00e9cnicas\/estrictamente necesarias<\/b><span>: Son aquellas que permiten al usuario la navegaci\u00f3n a trav\u00e9s de una p\u00e1gina web, plataforma o aplicaci\u00f3n y la utilizaci\u00f3n de las diferentes opciones o servicios que en ella existan. Sin estas cookies, no podr\u00edamos ofrecerte nuestros servicios, por eso no puedes rechazarlas.<\/span><\/li>\n<li aria-level=\"1\"><b>Cookies de preferencias\/personalizaci\u00f3n\/funcionalidad<\/b><span>: Son aquellas cookies que permiten recordar informaci\u00f3n para que la experiencia de usuario de una persona pueda diferir de la de otra (en cuanto al idioma, regi\u00f3n desde la que accede al servicio, n\u00famero de resultados de b\u00fasqueda mostrados, etc.).<\/span><\/li>\n<li aria-level=\"1\"><b>Cookies de an\u00e1lisis\/mediaci\u00f3n\/rendimiento<\/b><span>: Son aquellas que permiten al responsable de las mismas el seguimiento y an\u00e1lisis del comportamiento de los usuarios de los sitios web a los que est\u00e1n vinculadas, incluida la cuantificaci\u00f3n de los impactos de los anuncios.<\/span><\/li>\n<li aria-level=\"1\"><b>Cookies de publicidad comportamental<\/b><span>: Son aquellas que almacenan informaci\u00f3n del comportamiento de los usuarios obtenida a trav\u00e9s de la observaci\u00f3n continuada de sus h\u00e1bitos de navegaci\u00f3n, lo que permite desarrollar un perfil espec\u00edfico para mostrar publicidad en funci\u00f3n del mismo.<\/span><\/li>\n<\/ul>\n<p><b><\/b><\/p>\n<ul>\n<li aria-level=\"1\"><b>Aceptaci\u00f3n, desactivaci\u00f3n y eliminaci\u00f3n de cookies<\/b><\/li>\n<\/ul>\n<p><span>La primera vez que un usuario visite nuestro sitio web, se le pedir\u00e1 que acepte, rechace o modifique la configuraci\u00f3n de las cookies.<\/span><\/p>\n<p><span>Puedes configurar tu navegador para que no acepte cookies.\u00a0 La forma de deshabilitar las cookies es diferente para cada navegador, pero normalmente puede hacerse desde el men\u00fa Herramientas u Opciones.\u00a0 Tambi\u00e9n puedes eliminar las cookies que ya tengas en tu equipo al borrar el historial del navegador, y de esta forma se eliminar\u00e1n las cookies de todos los sitios web que hayas visitado en el periodo de tiempo establecido. Sin embargo, en algunos casos, es posible que algunas funciones de nuestro sitio web dejen de funcionar como resultado de ello.<\/span><\/p>\n<p><b><\/b><\/p>\n<ul>\n<li aria-level=\"1\"><b>Tratamiento de Datos Personales<\/b><\/li>\n<\/ul>\n<p><span>Tal y como se establece en nuestra\u00a0<\/span><span><a href=\"https:\/\/metodorespem.com\/privacidad\/\">Pol\u00edtica de Privacidad<\/a><\/span><span>, Miquel Andreu es el Responsable del tratamiento de los datos personales del Interesado y le informa de que estos datos ser\u00e1n tratados de conformidad con lo dispuesto en el <\/span><i><span>Reglamento (UE) 2016\/679, de 27 de abril de 2016 (GDPR),<\/span><\/i><span>\u00a0por lo que se le facilita la siguiente informaci\u00f3n del tratamiento:<\/span><\/p>\n<p><span>Fines del tratamiento: seg\u00fan se especifica en la declaraci\u00f3n de cookies utilizadas en nuestro sitio web<\/span><\/p>\n<p><span>Legitimaci\u00f3n del tratamiento:\u00a0<\/span><\/p>\n<ul>\n<li aria-level=\"1\"><span>En el caso de cookies estrictamente necesarias: la satisfacci\u00f3n de intereses leg\u00edtimos perseguidos por Miquel Andreu o por un tercero, siempre que sobre dichos intereses no prevalezcan los intereses o los derechos y libertades fundamentales del interesado que requieran la protecci\u00f3n de datos personales, en particular cuando el interesado sea un ni\u00f1o (art. 6.1(f). RGPD; art. 22.2. LSSI)<\/span><\/li>\n<li aria-level=\"1\"><span>En el caso de cookies no necesarias: consentimiento del interesado (art.6.1(a). RGPD)<\/span><\/li>\n<\/ul>\n<p><span>Criterios de conservaci\u00f3n de los datos: seg\u00fan se especifica en la declaraci\u00f3n de cookies utilizadas en nuestro sitio web<\/span><\/p>\n<p><span>Comunicaci\u00f3n de los datos: no se comunicar\u00e1n los datos a terceros, excepto en el caso de cookies propiedad de terceros o por obligaci\u00f3n legal.<\/span><\/p>\n<p><span>Derechos que asisten al Interesado:<\/span><\/p>\n<ul>\n<li aria-level=\"1\"><span>Derecho a retirar el consentimiento en cualquier momento, en su caso.<\/span><\/li>\n<li aria-level=\"1\"><span>Derecho de acceso, rectificaci\u00f3n, portabilidad y supresi\u00f3n de sus datos, y de limitaci\u00f3n u oposici\u00f3n a su tratamiento.<\/span><\/li>\n<li aria-level=\"1\"><span>Derecho a presentar una reclamaci\u00f3n ante la Autoridad de control (www.aepd.es) si considera que el tratamiento no se ajusta a la normativa vigente.<\/span><\/li>\n<\/ul>\n<p><span>Datos de contacto para ejercer sus derechos: Miquel Andreu; Avinguda Sant Sebasti\u00e1 15, Sant Fruit\u00f3s de Bages, 08272; info@funkeydj.com<\/span><span style=\"font-size: 16px;\">\u00a0<\/span><span style=\"font-size: 16px;\">\u00a0<\/span><\/p>\n<\/div>\n<\/div>\n<div class=\"et_pb_module et_pb_text et_pb_text_1  et_pb_text_align_left et_pb_bg_layout_light\">\n<div class=\"et_pb_text_inner\">\n<p><b><\/b><\/p>\n<ul>\n<li aria-level=\"1\"><b>Declaraci\u00f3n de cookies utilizadas en nuestro sitio web<\/b><\/li>\n<\/ul>\n<table>\n<tbody>\n<tr>\n<td><\/td>\n<td><b>Nombre<\/b><\/td>\n<td><b>Dominio\u00a0<\/b><\/td>\n<td><b>Duraci\u00f3n<\/b><\/td>\n<td><b>Descripci\u00f3n<\/b><\/td>\n<\/tr>\n<tr>\n<td><b>Cookies necesarias<\/b><\/td>\n<td><span>cookielawinfo-checkbox-*<\/span><\/td>\n<td><span>funkeydj.com<\/span><\/td>\n<td><span>Un a\u00f1o<\/span><\/td>\n<td><span>\u00a0<\/span><\/td>\n<\/tr>\n<tr>\n<td><b>Cookies de an\u00e1lisis<\/b><\/td>\n<td><span>_ga_*<\/span><\/td>\n<td><span>.funkeydj.com<\/span><\/td>\n<td><span>Un a\u00f1o<\/span><\/td>\n<td><span>Contiene un identificador \u00fanico utilizado por Google Analytics 4 para determinar que dos entradas distintas pertenecen al mismo usuario en distintas sesiones de navegaci\u00f3n.<\/span><\/td>\n<\/tr>\n<tr>\n<td><\/td>\n<td><span>_ga<\/span><\/td>\n<td><span>.funkeydj.com<\/span><\/td>\n<td><span>Un a\u00f1o<\/span><\/td>\n<td><span>Contiene un identificador \u00fanico utilizado por Google Analytics para determinar que dos entradas distintas pertenecen al mismo usuario en distintas sesiones de navegaci\u00f3n.<\/span><\/td>\n<\/tr>\n<tr>\n<td><b>Cookies de publicidad\u00a0<\/b><\/td>\n<td><span>prism_*<\/span><\/td>\n<td><span>prism.app-us1.com<\/span><\/td>\n<td><span>Un mes<\/span><\/td>\n<td><span>Utilizado por SendPulse para realizar un seguimiento de los visitantes en distintos canales de marketing.<\/span><\/td>\n<\/tr>\n<tr>\n<td><\/td>\n<td><span>prism_*<\/span><\/td>\n<td><span>.funkeydj.com<\/span><\/td>\n<td><span>Un mes<\/span><\/td>\n<td><span>Utilizado por SendPulse para realizar un seguimiento de los visitantes en distintos canales de marketing.<\/span><\/td>\n<\/tr>\n<\/tbody>\n<\/table>\n<p><b><\/b><\/p>\n<\/div>\n<\/div>\n<\/div>\n<\/div>\n<div class=\"et_pb_row et_pb_row_2\">\n<div class=\"et_pb_column et_pb_column_4_4 et_pb_column_2  et_pb_css_mix_blend_mode_passthrough et-last-child\">\n<div class=\"et_pb_module et_pb_text et_pb_text_2  et_pb_text_align_left et_pb_bg_layout_light\">\n<div class=\"et_pb_text_inner\"><\/div>\n<\/div>\n<\/div>\n<\/div>\n<p>&nbsp;<\/p>\n<p>[\/et_pb_text][\/et_pb_column][\/et_pb_row][\/et_pb_section]<\/p>\n","protected":false},"excerpt":{"rendered":"<p>\u00a0 Pol\u00edtica de Cookies &nbsp; \u00bfQu\u00e9 son las cookies?\u00a0 Las cookies son peque\u00f1os archivos de texto que se colocan en el equipo de los usuarios que visiten un sitio web para almacenar informaci\u00f3n y recuperar la informaci\u00f3n ya almacenada. A veces, en FunKeyDJ (Miquel Andreu), utilizamos estos archivos para que nuestro sitio web funcione correctamente.\u00a0 [&hellip;]<\/p>\n","protected":false},"author":1,"featured_media":0,"parent":0,"menu_order":0,"comment_status":"closed","ping_status":"closed","template":"","meta":{"_et_pb_use_builder":"on","_et_pb_old_content":"<!-- wp:heading --><h2>Who we are<\/h2><!-- \/wp:heading --><!-- wp:paragraph --><p><strong class=\"privacy-policy-tutorial\">Suggested text: <\/strong>Our website address is: https:\/\/funkeydj.com.<\/p><!-- \/wp:paragraph --><!-- wp:heading --><h2>Comments<\/h2><!-- \/wp:heading --><!-- wp:paragraph --><p><strong class=\"privacy-policy-tutorial\">Suggested text: <\/strong>When visitors leave comments on the site we collect the data shown in the comments form, and also the visitor&#8217;s IP address and browser user agent string to help spam detection.<\/p><!-- \/wp:paragraph --><!-- wp:paragraph --><p>An anonymized string created from your email address (also called a hash) may be provided to the Gravatar service to see if you are using it. The Gravatar service privacy policy is available here: https:\/\/automattic.com\/privacy\/. After approval of your comment, your profile picture is visible to the public in the context of your comment.<\/p><!-- \/wp:paragraph --><!-- wp:heading --><h2>Media<\/h2><!-- \/wp:heading --><!-- wp:paragraph --><p><strong class=\"privacy-policy-tutorial\">Suggested text: <\/strong>If you upload images to the website, you should avoid uploading images with embedded location data (EXIF GPS) included. Visitors to the website can download and extract any location data from images on the website.<\/p><!-- \/wp:paragraph --><!-- wp:heading --><h2>Cookies<\/h2><!-- \/wp:heading --><!-- wp:paragraph --><p><strong class=\"privacy-policy-tutorial\">Suggested text: <\/strong>If you leave a comment on our site you may opt-in to saving your name, email address and website in cookies. These are for your convenience so that you do not have to fill in your details again when you leave another comment. These cookies will last for one year.<\/p><!-- \/wp:paragraph --><!-- wp:paragraph --><p>If you visit our login page, we will set a temporary cookie to determine if your browser accepts cookies. This cookie contains no personal data and is discarded when you close your browser.<\/p><!-- \/wp:paragraph --><!-- wp:paragraph --><p>When you log in, we will also set up several cookies to save your login information and your screen display choices. Login cookies last for two days, and screen options cookies last for a year. If you select &quot;Remember Me&quot;, your login will persist for two weeks. If you log out of your account, the login cookies will be removed.<\/p><!-- \/wp:paragraph --><!-- wp:paragraph --><p>If you edit or publish an article, an additional cookie will be saved in your browser. This cookie includes no personal data and simply indicates the post ID of the article you just edited. It expires after 1 day.<\/p><!-- \/wp:paragraph --><!-- wp:heading --><h2>Embedded content from other websites<\/h2><!-- \/wp:heading --><!-- wp:paragraph --><p><strong class=\"privacy-policy-tutorial\">Suggested text: <\/strong>Articles on this site may include embedded content (e.g. videos, images, articles, etc.). Embedded content from other websites behaves in the exact same way as if the visitor has visited the other website.<\/p><!-- \/wp:paragraph --><!-- wp:paragraph --><p>These websites may collect data about you, use cookies, embed additional third-party tracking, and monitor your interaction with that embedded content, including tracking your interaction with the embedded content if you have an account and are logged in to that website.<\/p><!-- \/wp:paragraph --><!-- wp:heading --><h2>Who we share your data with<\/h2><!-- \/wp:heading --><!-- wp:paragraph --><p><strong class=\"privacy-policy-tutorial\">Suggested text: <\/strong>If you request a password reset, your IP address will be included in the reset email.<\/p><!-- \/wp:paragraph --><!-- wp:heading --><h2>How long we retain your data<\/h2><!-- \/wp:heading --><!-- wp:paragraph --><p><strong class=\"privacy-policy-tutorial\">Suggested text: <\/strong>If you leave a comment, the comment and its metadata are retained indefinitely. This is so we can recognize and approve any follow-up comments automatically instead of holding them in a moderation queue.<\/p><!-- \/wp:paragraph --><!-- wp:paragraph --><p>For users that register on our website (if any), we also store the personal information they provide in their user profile. All users can see, edit, or delete their personal information at any time (except they cannot change their username). Website administrators can also see and edit that information.<\/p><!-- \/wp:paragraph --><!-- wp:heading --><h2>What rights you have over your data<\/h2><!-- \/wp:heading --><!-- wp:paragraph --><p><strong class=\"privacy-policy-tutorial\">Suggested text: <\/strong>If you have an account on this site, or have left comments, you can request to receive an exported file of the personal data we hold about you, including any data you have provided to us. You can also request that we erase any personal data we hold about you. This does not include any data we are obliged to keep for administrative, legal, or security purposes.<\/p><!-- \/wp:paragraph --><!-- wp:heading --><h2>Where we send your data<\/h2><!-- \/wp:heading --><!-- wp:paragraph --><p><strong class=\"privacy-policy-tutorial\">Suggested text: <\/strong>Visitor comments may be checked through an automated spam detection service.<\/p><!-- \/wp:paragraph -->","_et_gb_content_width":"","_monsterinsights_skip_tracking":false,"_monsterinsights_sitenote_active":false,"_monsterinsights_sitenote_note":"","_monsterinsights_sitenote_category":0,"footnotes":""},"class_list":["post-1615","page","type-page","status-publish","hentry"],"yoast_head":"<!-- This site is optimized with the Yoast SEO plugin v27.4 - https:\/\/yoast.com\/product\/yoast-seo-wordpress\/ -->\n<title>Pol\u00edtica de Cookies - FunKey DJ Events<\/title>\n<meta name=\"robots\" content=\"index, follow, max-snippet:-1, max-image-preview:large, max-video-preview:-1\" \/>\n<link rel=\"canonical\" href=\"https:\/\/funkeydj.com\/es\/cookies\/\" \/>\n<meta property=\"og:locale\" content=\"es_ES\" \/>\n<meta property=\"og:type\" content=\"article\" \/>\n<meta property=\"og:title\" content=\"Pol\u00edtica de Cookies - FunKey DJ Events\" \/>\n<meta property=\"og:description\" content=\"\u00a0 Pol\u00edtica de Cookies &nbsp; \u00bfQu\u00e9 son las cookies?\u00a0 Las cookies son peque\u00f1os archivos de texto que se colocan en el equipo de los usuarios que visiten un sitio web para almacenar informaci\u00f3n y recuperar la informaci\u00f3n ya almacenada. A veces, en FunKeyDJ (Miquel Andreu), utilizamos estos archivos para que nuestro sitio web funcione correctamente.\u00a0 [&hellip;]\" \/>\n<meta property=\"og:url\" content=\"https:\/\/funkeydj.com\/es\/cookies\/\" \/>\n<meta property=\"og:site_name\" content=\"FunKey DJ Events\" \/>\n<meta property=\"article:modified_time\" content=\"2025-11-10T21:15:07+00:00\" \/>\n<meta name=\"twitter:card\" content=\"summary_large_image\" \/>\n<meta name=\"twitter:label1\" content=\"Tiempo de lectura\" \/>\n\t<meta name=\"twitter:data1\" content=\"5 minutos\" \/>\n<script type=\"application\/ld+json\" class=\"yoast-schema-graph\">{\"@context\":\"https:\\\/\\\/schema.org\",\"@graph\":[{\"@type\":\"WebPage\",\"@id\":\"https:\\\/\\\/funkeydj.com\\\/es\\\/cookies\\\/\",\"url\":\"https:\\\/\\\/funkeydj.com\\\/es\\\/cookies\\\/\",\"name\":\"Pol\u00edtica de Cookies - FunKey DJ Events\",\"isPartOf\":{\"@id\":\"https:\\\/\\\/funkeydj.com\\\/es\\\/#website\"},\"datePublished\":\"2025-02-08T18:44:45+00:00\",\"dateModified\":\"2025-11-10T21:15:07+00:00\",\"breadcrumb\":{\"@id\":\"https:\\\/\\\/funkeydj.com\\\/es\\\/cookies\\\/#breadcrumb\"},\"inLanguage\":\"es\",\"potentialAction\":[{\"@type\":\"ReadAction\",\"target\":[\"https:\\\/\\\/funkeydj.com\\\/es\\\/cookies\\\/\"]}]},{\"@type\":\"BreadcrumbList\",\"@id\":\"https:\\\/\\\/funkeydj.com\\\/es\\\/cookies\\\/#breadcrumb\",\"itemListElement\":[{\"@type\":\"ListItem\",\"position\":1,\"name\":\"Portada\",\"item\":\"https:\\\/\\\/funkeydj.com\\\/es\\\/\"},{\"@type\":\"ListItem\",\"position\":2,\"name\":\"Pol\u00edtica de Cookies\"}]},{\"@type\":\"WebSite\",\"@id\":\"https:\\\/\\\/funkeydj.com\\\/es\\\/#website\",\"url\":\"https:\\\/\\\/funkeydj.com\\\/es\\\/\",\"name\":\"FunKey DJ Events\",\"description\":\"\u00a1Transforma tu evento en una experiencia ac\u00fastica y visual \u00fanica!\",\"publisher\":{\"@id\":\"https:\\\/\\\/funkeydj.com\\\/es\\\/#organization\"},\"potentialAction\":[{\"@type\":\"SearchAction\",\"target\":{\"@type\":\"EntryPoint\",\"urlTemplate\":\"https:\\\/\\\/funkeydj.com\\\/es\\\/?s={search_term_string}\"},\"query-input\":{\"@type\":\"PropertyValueSpecification\",\"valueRequired\":true,\"valueName\":\"search_term_string\"}}],\"inLanguage\":\"es\"},{\"@type\":\"Organization\",\"@id\":\"https:\\\/\\\/funkeydj.com\\\/es\\\/#organization\",\"name\":\"FunKeyDJ\",\"url\":\"https:\\\/\\\/funkeydj.com\\\/es\\\/\",\"logo\":{\"@type\":\"ImageObject\",\"inLanguage\":\"es\",\"@id\":\"https:\\\/\\\/funkeydj.com\\\/es\\\/#\\\/schema\\\/logo\\\/image\\\/\",\"url\":\"https:\\\/\\\/funkeydj.com\\\/wp-content\\\/uploads\\\/2022\\\/02\\\/FUNKEY-DJ-02-scaled.jpg\",\"contentUrl\":\"https:\\\/\\\/funkeydj.com\\\/wp-content\\\/uploads\\\/2022\\\/02\\\/FUNKEY-DJ-02-scaled.jpg\",\"width\":2560,\"height\":1732,\"caption\":\"FunKeyDJ\"},\"image\":{\"@id\":\"https:\\\/\\\/funkeydj.com\\\/es\\\/#\\\/schema\\\/logo\\\/image\\\/\"}}]}<\/script>\n<!-- \/ Yoast SEO plugin. -->","yoast_head_json":{"title":"Pol\u00edtica de Cookies - FunKey DJ Events","robots":{"index":"index","follow":"follow","max-snippet":"max-snippet:-1","max-image-preview":"max-image-preview:large","max-video-preview":"max-video-preview:-1"},"canonical":"https:\/\/funkeydj.com\/es\/cookies\/","og_locale":"es_ES","og_type":"article","og_title":"Pol\u00edtica de Cookies - FunKey DJ Events","og_description":"\u00a0 Pol\u00edtica de Cookies &nbsp; \u00bfQu\u00e9 son las cookies?\u00a0 Las cookies son peque\u00f1os archivos de texto que se colocan en el equipo de los usuarios que visiten un sitio web para almacenar informaci\u00f3n y recuperar la informaci\u00f3n ya almacenada. A veces, en FunKeyDJ (Miquel Andreu), utilizamos estos archivos para que nuestro sitio web funcione correctamente.\u00a0 [&hellip;]","og_url":"https:\/\/funkeydj.com\/es\/cookies\/","og_site_name":"FunKey DJ Events","article_modified_time":"2025-11-10T21:15:07+00:00","twitter_card":"summary_large_image","twitter_misc":{"Tiempo de lectura":"5 minutos"},"schema":{"@context":"https:\/\/schema.org","@graph":[{"@type":"WebPage","@id":"https:\/\/funkeydj.com\/es\/cookies\/","url":"https:\/\/funkeydj.com\/es\/cookies\/","name":"Pol\u00edtica de Cookies - FunKey DJ Events","isPartOf":{"@id":"https:\/\/funkeydj.com\/es\/#website"},"datePublished":"2025-02-08T18:44:45+00:00","dateModified":"2025-11-10T21:15:07+00:00","breadcrumb":{"@id":"https:\/\/funkeydj.com\/es\/cookies\/#breadcrumb"},"inLanguage":"es","potentialAction":[{"@type":"ReadAction","target":["https:\/\/funkeydj.com\/es\/cookies\/"]}]},{"@type":"BreadcrumbList","@id":"https:\/\/funkeydj.com\/es\/cookies\/#breadcrumb","itemListElement":[{"@type":"ListItem","position":1,"name":"Portada","item":"https:\/\/funkeydj.com\/es\/"},{"@type":"ListItem","position":2,"name":"Pol\u00edtica de Cookies"}]},{"@type":"WebSite","@id":"https:\/\/funkeydj.com\/es\/#website","url":"https:\/\/funkeydj.com\/es\/","name":"FunKey DJ Events","description":"\u00a1Transforma tu evento en una experiencia ac\u00fastica y visual \u00fanica!","publisher":{"@id":"https:\/\/funkeydj.com\/es\/#organization"},"potentialAction":[{"@type":"SearchAction","target":{"@type":"EntryPoint","urlTemplate":"https:\/\/funkeydj.com\/es\/?s={search_term_string}"},"query-input":{"@type":"PropertyValueSpecification","valueRequired":true,"valueName":"search_term_string"}}],"inLanguage":"es"},{"@type":"Organization","@id":"https:\/\/funkeydj.com\/es\/#organization","name":"FunKeyDJ","url":"https:\/\/funkeydj.com\/es\/","logo":{"@type":"ImageObject","inLanguage":"es","@id":"https:\/\/funkeydj.com\/es\/#\/schema\/logo\/image\/","url":"https:\/\/funkeydj.com\/wp-content\/uploads\/2022\/02\/FUNKEY-DJ-02-scaled.jpg","contentUrl":"https:\/\/funkeydj.com\/wp-content\/uploads\/2022\/02\/FUNKEY-DJ-02-scaled.jpg","width":2560,"height":1732,"caption":"FunKeyDJ"},"image":{"@id":"https:\/\/funkeydj.com\/es\/#\/schema\/logo\/image\/"}}]}},"_links":{"self":[{"href":"https:\/\/funkeydj.com\/es\/wp-json\/wp\/v2\/pages\/1615","targetHints":{"allow":["GET"]}}],"collection":[{"href":"https:\/\/funkeydj.com\/es\/wp-json\/wp\/v2\/pages"}],"about":[{"href":"https:\/\/funkeydj.com\/es\/wp-json\/wp\/v2\/types\/page"}],"author":[{"embeddable":true,"href":"https:\/\/funkeydj.com\/es\/wp-json\/wp\/v2\/users\/1"}],"replies":[{"embeddable":true,"href":"https:\/\/funkeydj.com\/es\/wp-json\/wp\/v2\/comments?post=1615"}],"version-history":[{"count":1,"href":"https:\/\/funkeydj.com\/es\/wp-json\/wp\/v2\/pages\/1615\/revisions"}],"predecessor-version":[{"id":2171,"href":"https:\/\/funkeydj.com\/es\/wp-json\/wp\/v2\/pages\/1615\/revisions\/2171"}],"wp:attachment":[{"href":"https:\/\/funkeydj.com\/es\/wp-json\/wp\/v2\/media?parent=1615"}],"curies":[{"name":"wp","href":"https:\/\/api.w.org\/{rel}","templated":true}]}}