{"id":1611,"date":"2025-02-08T20:46:16","date_gmt":"2025-02-08T18:46:16","guid":{"rendered":"https:\/\/funkeydj.com\/?page_id=1611"},"modified":"2025-11-10T23:21:05","modified_gmt":"2025-11-10T21:21:05","slug":"aviso-legal","status":"publish","type":"page","link":"https:\/\/funkeydj.com\/es\/aviso-legal\/","title":{"rendered":"Aviso Legal"},"content":{"rendered":"<p>[et_pb_section fb_built=\u00bb1&#8243; admin_label=\u00bbsection\u00bb _builder_version=\u00bb4.16&#8243; global_colors_info=\u00bb{}\u00bb][et_pb_row admin_label=\u00bbrow\u00bb _builder_version=\u00bb4.16&#8243; background_size=\u00bbinitial\u00bb background_position=\u00bbtop_left\u00bb background_repeat=\u00bbrepeat\u00bb global_colors_info=\u00bb{}\u00bb][et_pb_column type=\u00bb4_4&#8243; _builder_version=\u00bb4.16&#8243; custom_padding=\u00bb|||\u00bb global_colors_info=\u00bb{}\u00bb custom_padding__hover=\u00bb|||\u00bb][et_pb_text admin_label=\u00bbText\u00bb _builder_version=\u00bb4.27.4&#8243; background_size=\u00bbinitial\u00bb background_position=\u00bbtop_left\u00bb background_repeat=\u00bbrepeat\u00bb hover_enabled=\u00bb0&#8243; global_colors_info=\u00bb{}\u00bb sticky_enabled=\u00bb0&#8243;]<\/p>\n<h1><b><i><\/i><\/b><\/h1>\n<h1><i>Aviso Legal\u00a0<\/i><\/h1>\n<p>&nbsp;<\/p>\n<p><span>Aviso Legal para p\u00e1gina web sobre FunKeyDJ (en adelante, el Sitio Web).<\/span><\/p>\n<h4 class=\"mt-5\"><b><\/b><\/h4>\n<ul>\n<li aria-level=\"1\">\n<h2>Datos indicativos<\/h2>\n<\/li>\n<\/ul>\n<p><span>El Sitio Web y su contenido son propiedad de<\/span><\/p>\n<p>Miquel Andreu, 39367147W, con domicilio en Avinguda Sant Sebasti\u00e1 15, Sant Fruit\u00f3s de Bages, 08272.<\/p>\n<p><span>Pueden ponerse en contacto con nosotros, llamando al tel\u00e9fono\/WhatsApp (+34) 656430369, <\/span><span>en horario de 09:00 \u2013 20:00, <\/span><span>o enviando un correo electr\u00f3nico a\u00a0<\/span><a href=\"mailto:info@funkeydj.com\"><span>info@funkeydj.com<\/span><\/a><span>.<\/span><\/p>\n<p><span>FunKeyDJ es el servicio de T\u00e9cnico de Sonido\/DJ y sonorizaci\u00f3n para bodas y eventos creado por Miquel Andreu y nombre con el que se identifica en la prestaci\u00f3n de sus servicios profesionales.\u00a0<\/span><\/p>\n<p><span>\u00a0<\/span><\/p>\n<ul>\n<li aria-level=\"1\">\n<h2>Objeto<\/h2>\n<\/li>\n<\/ul>\n<p><span>A trav\u00e9s del Sitio Web, les ofrecemos a los Usuarios la posibilidad de acceder a la informaci\u00f3n sobre nuestros servicios.<\/span><\/p>\n<h4 class=\"mt-5\"><b><\/b><\/h4>\n<ul>\n<li aria-level=\"1\">\n<h2>T\u00e9rminos y condiciones de uso<\/h2>\n<\/li>\n<\/ul>\n<p><span>El acceso y utilizaci\u00f3n de este Sitio Web atribuye al visitante la condici\u00f3n de Usuario. Ello supone que el Usuario acepta las condiciones de uso vigentes en cada momento y se compromete a hacer un uso adecuado de los contenidos del Sitio Web y a observar y cumplir rigurosamente cuanto se disponga en este aviso y en las normas que sean de aplicaci\u00f3n.<\/span><\/p>\n<p><span>Asimismo, el Usuario se compromete a suministrar informaci\u00f3n veraz sobre los datos de registro y a mantenerlos actualizados.<\/span><\/p>\n<p><span>Miquel Andreu se reserva el derecho a efectuar las modificaciones que estime convenientes, a\u00f1adiendo, cambiando o eliminando contenidos o servicios prestados a trav\u00e9s del Sitio Web; as\u00ed como el de retirar cualquier aportaci\u00f3n o comentario que contravenga la legislaci\u00f3n aplicable.\u00a0<\/span><\/p>\n<p><span>Miquel Andreu no se har\u00e1 responsable en ning\u00fan caso de las opiniones vertidas por el Usuario a trav\u00e9s de las herramientas de participaci\u00f3n ofrecidas por el Sitio Web.<\/span><\/p>\n<p><span>El acceso al Sitio Web es libre y gratuito para el Usuario en todas sus partes, contenidos, etc.<\/span><\/p>\n<p><span>El Usuario declara, bajo su responsabilidad, ser mayor de edad y disponer de la capacidad suficiente para vincularse a las presentes condiciones.<\/span><\/p>\n<p><span>A trav\u00e9s del Sitio Web el Usuario puede acceder a informaci\u00f3n sobre los servicios que prestamos.\u00a0 Los precios de dichos servicios depender\u00e1n de las necesidades espec\u00edficas del cliente, que se comentar\u00e1n con \u00e9l antes del comienzo de la prestaci\u00f3n del servicio.\u00a0<\/span><\/p>\n<h4 class=\"mt-5\"><b><\/b><\/h4>\n<ul>\n<li aria-level=\"1\">\n<h2>Privacidad y tratamiento de datos<\/h2>\n<\/li>\n<\/ul>\n<p><span>Miquel Andreu, como responsable del Sitio Web y del tratamiento de datos personales, informa que cuando para el acceso a determinados contenidos o servicio sea necesario facilitar datos de car\u00e1cter personal, el Usuario garantizar\u00e1 su veracidad, exactitud, autenticidad y vigencia. Daremos a dichos datos el tratamiento automatizado que corresponda, en funci\u00f3n de su naturaleza o finalidad, en los t\u00e9rminos indicados en la <\/span><span>Pol\u00edtica de Privacidad<\/span><span>.<\/span><\/p>\n<p><span>Aplicaremos las correspondientes medidas de seguridad, todo ello en cumplimiento del\u00a0<\/span><span><a href=\"https:\/\/eur-lex.europa.eu\/eli\/reg\/2016\/679\/oj\">RGPD<\/a><\/span><span>,\u00a0<\/span><span><a href=\"https:\/\/www.boe.es\/eli\/es\/lo\/2018\/12\/05\/3\/con\">LOPDGDD<\/a><\/span><span>\u00a0y\u00a0<\/span><span><a href=\"https:\/\/www.boe.es\/eli\/es\/l\/2002\/07\/11\/34\/con\">LSSI<\/a><\/span><span>. El Usuario puede acceder a la pol\u00edtica seguida en el tratamiento de los datos personales, as\u00ed como el establecimiento de las finalidades previamente establecidas, en las condiciones definidas en la\u00a0<\/span><span><a href=\"https:\/\/funkeydj.com\/privacidad\/\">Pol\u00edtica de Privacidad.<\/a><\/span><\/p>\n<h4 class=\"mt-5\"><b><\/b><\/h4>\n<ul>\n<li aria-level=\"1\">\n<h2>Pol\u00edtica de enlaces<\/h2>\n<\/li>\n<\/ul>\n<p><span>El Sitio Web puede contener enlaces a otros sitios web con pol\u00edticas de privacidad, avisos legales y t\u00e9rminos y condiciones diferentes a los de este. Miquel Andreu<\/span><span>\u00a0<\/span><span>no se hace responsable del contenido o pr\u00e1cticas de los sitios enlazados y se recomienda al Usuario la lectura detallada de las pol\u00edticas de cualquier sitio web al que acceda desde este.<\/span><\/p>\n<h4 class=\"mt-5\"><b><\/b><\/h4>\n<ul>\n<li aria-level=\"1\">\n<h2>Declaraciones y garant\u00edas<\/h2>\n<\/li>\n<\/ul>\n<p><span>En general, los contenidos y servicios ofrecidos en el Sitio Web tienen car\u00e1cter meramente informativo. Por consiguiente, al ofrecerlos, no se otorga garant\u00eda ni declaraci\u00f3n alguna en relaci\u00f3n con los contenidos y servicios ofrecidos en el Sitio Web, incluyendo, a t\u00edtulo enunciativo, garant\u00edas de licitud, fiabilidad, utilidad, veracidad, exactitud, o comerciabilidad, salvo en la medida en que por ley no puedan excluirse tales declaraciones y garant\u00edas.<\/span><\/p>\n<p><span><\/span><\/p>\n<ul>\n<li aria-level=\"1\">\n<h2>M\u00e1s informaci\u00f3n<\/h2>\n<\/li>\n<\/ul>\n<p><span><a href=\"https:\/\/funkeydj.com\/privacidad\/\">Pol\u00edtica de Privacidad\u00a0<\/a><\/span><\/p>\n<p><span><a href=\"https:\/\/funkeydj.com\/politicas-de-cookies\/\">Pol\u00edtica de Cookies\u00a0<\/a><\/span><\/p>\n<p>&nbsp;<\/p>\n<p>[\/et_pb_text][\/et_pb_column][\/et_pb_row][\/et_pb_section]<\/p>\n","protected":false},"excerpt":{"rendered":"<p>Aviso Legal\u00a0 &nbsp; Aviso Legal para p\u00e1gina web sobre FunKeyDJ (en adelante, el Sitio Web). Datos indicativos El Sitio Web y su contenido son propiedad de Miquel Andreu, 39367147W, con domicilio en Avinguda Sant Sebasti\u00e1 15, Sant Fruit\u00f3s de Bages, 08272. Pueden ponerse en contacto con nosotros, llamando al tel\u00e9fono\/WhatsApp (+34) 656430369, en horario de [&hellip;]<\/p>\n","protected":false},"author":1,"featured_media":0,"parent":0,"menu_order":0,"comment_status":"closed","ping_status":"closed","template":"","meta":{"_et_pb_use_builder":"on","_et_pb_old_content":"<!-- wp:heading --><h2>Who we are<\/h2><!-- \/wp:heading --><!-- wp:paragraph --><p><strong class=\"privacy-policy-tutorial\">Suggested text: <\/strong>Our website address is: https:\/\/funkeydj.com.<\/p><!-- \/wp:paragraph --><!-- wp:heading --><h2>Comments<\/h2><!-- \/wp:heading --><!-- wp:paragraph --><p><strong class=\"privacy-policy-tutorial\">Suggested text: <\/strong>When visitors leave comments on the site we collect the data shown in the comments form, and also the visitor&#8217;s IP address and browser user agent string to help spam detection.<\/p><!-- \/wp:paragraph --><!-- wp:paragraph --><p>An anonymized string created from your email address (also called a hash) may be provided to the Gravatar service to see if you are using it. The Gravatar service privacy policy is available here: https:\/\/automattic.com\/privacy\/. After approval of your comment, your profile picture is visible to the public in the context of your comment.<\/p><!-- \/wp:paragraph --><!-- wp:heading --><h2>Media<\/h2><!-- \/wp:heading --><!-- wp:paragraph --><p><strong class=\"privacy-policy-tutorial\">Suggested text: <\/strong>If you upload images to the website, you should avoid uploading images with embedded location data (EXIF GPS) included. Visitors to the website can download and extract any location data from images on the website.<\/p><!-- \/wp:paragraph --><!-- wp:heading --><h2>Cookies<\/h2><!-- \/wp:heading --><!-- wp:paragraph --><p><strong class=\"privacy-policy-tutorial\">Suggested text: <\/strong>If you leave a comment on our site you may opt-in to saving your name, email address and website in cookies. These are for your convenience so that you do not have to fill in your details again when you leave another comment. These cookies will last for one year.<\/p><!-- \/wp:paragraph --><!-- wp:paragraph --><p>If you visit our login page, we will set a temporary cookie to determine if your browser accepts cookies. This cookie contains no personal data and is discarded when you close your browser.<\/p><!-- \/wp:paragraph --><!-- wp:paragraph --><p>When you log in, we will also set up several cookies to save your login information and your screen display choices. Login cookies last for two days, and screen options cookies last for a year. If you select &quot;Remember Me&quot;, your login will persist for two weeks. If you log out of your account, the login cookies will be removed.<\/p><!-- \/wp:paragraph --><!-- wp:paragraph --><p>If you edit or publish an article, an additional cookie will be saved in your browser. This cookie includes no personal data and simply indicates the post ID of the article you just edited. It expires after 1 day.<\/p><!-- \/wp:paragraph --><!-- wp:heading --><h2>Embedded content from other websites<\/h2><!-- \/wp:heading --><!-- wp:paragraph --><p><strong class=\"privacy-policy-tutorial\">Suggested text: <\/strong>Articles on this site may include embedded content (e.g. videos, images, articles, etc.). Embedded content from other websites behaves in the exact same way as if the visitor has visited the other website.<\/p><!-- \/wp:paragraph --><!-- wp:paragraph --><p>These websites may collect data about you, use cookies, embed additional third-party tracking, and monitor your interaction with that embedded content, including tracking your interaction with the embedded content if you have an account and are logged in to that website.<\/p><!-- \/wp:paragraph --><!-- wp:heading --><h2>Who we share your data with<\/h2><!-- \/wp:heading --><!-- wp:paragraph --><p><strong class=\"privacy-policy-tutorial\">Suggested text: <\/strong>If you request a password reset, your IP address will be included in the reset email.<\/p><!-- \/wp:paragraph --><!-- wp:heading --><h2>How long we retain your data<\/h2><!-- \/wp:heading --><!-- wp:paragraph --><p><strong class=\"privacy-policy-tutorial\">Suggested text: <\/strong>If you leave a comment, the comment and its metadata are retained indefinitely. This is so we can recognize and approve any follow-up comments automatically instead of holding them in a moderation queue.<\/p><!-- \/wp:paragraph --><!-- wp:paragraph --><p>For users that register on our website (if any), we also store the personal information they provide in their user profile. All users can see, edit, or delete their personal information at any time (except they cannot change their username). Website administrators can also see and edit that information.<\/p><!-- \/wp:paragraph --><!-- wp:heading --><h2>What rights you have over your data<\/h2><!-- \/wp:heading --><!-- wp:paragraph --><p><strong class=\"privacy-policy-tutorial\">Suggested text: <\/strong>If you have an account on this site, or have left comments, you can request to receive an exported file of the personal data we hold about you, including any data you have provided to us. You can also request that we erase any personal data we hold about you. This does not include any data we are obliged to keep for administrative, legal, or security purposes.<\/p><!-- \/wp:paragraph --><!-- wp:heading --><h2>Where we send your data<\/h2><!-- \/wp:heading --><!-- wp:paragraph --><p><strong class=\"privacy-policy-tutorial\">Suggested text: <\/strong>Visitor comments may be checked through an automated spam detection service.<\/p><!-- \/wp:paragraph -->","_et_gb_content_width":"","_monsterinsights_skip_tracking":false,"_monsterinsights_sitenote_active":false,"_monsterinsights_sitenote_note":"","_monsterinsights_sitenote_category":0,"footnotes":""},"class_list":["post-1611","page","type-page","status-publish","hentry"],"yoast_head":"<!-- This site is optimized with the Yoast SEO plugin v27.5 - https:\/\/yoast.com\/product\/yoast-seo-wordpress\/ -->\n<title>Aviso Legal - FunKey DJ Events<\/title>\n<meta name=\"robots\" content=\"index, follow, max-snippet:-1, max-image-preview:large, max-video-preview:-1\" \/>\n<link rel=\"canonical\" href=\"https:\/\/funkeydj.com\/es\/aviso-legal\/\" \/>\n<meta property=\"og:locale\" content=\"es_ES\" \/>\n<meta property=\"og:type\" content=\"article\" \/>\n<meta property=\"og:title\" content=\"Aviso Legal - FunKey DJ Events\" \/>\n<meta property=\"og:description\" content=\"Aviso Legal\u00a0 &nbsp; Aviso Legal para p\u00e1gina web sobre FunKeyDJ (en adelante, el Sitio Web). Datos indicativos El Sitio Web y su contenido son propiedad de Miquel Andreu, 39367147W, con domicilio en Avinguda Sant Sebasti\u00e1 15, Sant Fruit\u00f3s de Bages, 08272. Pueden ponerse en contacto con nosotros, llamando al tel\u00e9fono\/WhatsApp (+34) 656430369, en horario de [&hellip;]\" \/>\n<meta property=\"og:url\" content=\"https:\/\/funkeydj.com\/es\/aviso-legal\/\" \/>\n<meta property=\"og:site_name\" content=\"FunKey DJ Events\" \/>\n<meta property=\"article:modified_time\" content=\"2025-11-10T21:21:05+00:00\" \/>\n<meta name=\"twitter:card\" content=\"summary_large_image\" \/>\n<meta name=\"twitter:label1\" content=\"Tiempo de lectura\" \/>\n\t<meta name=\"twitter:data1\" content=\"4 minutos\" \/>\n<script type=\"application\/ld+json\" class=\"yoast-schema-graph\">{\"@context\":\"https:\\\/\\\/schema.org\",\"@graph\":[{\"@type\":\"WebPage\",\"@id\":\"https:\\\/\\\/funkeydj.com\\\/es\\\/aviso-legal\\\/\",\"url\":\"https:\\\/\\\/funkeydj.com\\\/es\\\/aviso-legal\\\/\",\"name\":\"Aviso Legal - FunKey DJ Events\",\"isPartOf\":{\"@id\":\"https:\\\/\\\/funkeydj.com\\\/es\\\/#website\"},\"datePublished\":\"2025-02-08T18:46:16+00:00\",\"dateModified\":\"2025-11-10T21:21:05+00:00\",\"breadcrumb\":{\"@id\":\"https:\\\/\\\/funkeydj.com\\\/es\\\/aviso-legal\\\/#breadcrumb\"},\"inLanguage\":\"es\",\"potentialAction\":[{\"@type\":\"ReadAction\",\"target\":[\"https:\\\/\\\/funkeydj.com\\\/es\\\/aviso-legal\\\/\"]}]},{\"@type\":\"BreadcrumbList\",\"@id\":\"https:\\\/\\\/funkeydj.com\\\/es\\\/aviso-legal\\\/#breadcrumb\",\"itemListElement\":[{\"@type\":\"ListItem\",\"position\":1,\"name\":\"Portada\",\"item\":\"https:\\\/\\\/funkeydj.com\\\/es\\\/\"},{\"@type\":\"ListItem\",\"position\":2,\"name\":\"Aviso Legal\"}]},{\"@type\":\"WebSite\",\"@id\":\"https:\\\/\\\/funkeydj.com\\\/es\\\/#website\",\"url\":\"https:\\\/\\\/funkeydj.com\\\/es\\\/\",\"name\":\"FunKey DJ Events\",\"description\":\"\u00a1Transforma tu evento en una experiencia ac\u00fastica y visual \u00fanica!\",\"publisher\":{\"@id\":\"https:\\\/\\\/funkeydj.com\\\/es\\\/#organization\"},\"potentialAction\":[{\"@type\":\"SearchAction\",\"target\":{\"@type\":\"EntryPoint\",\"urlTemplate\":\"https:\\\/\\\/funkeydj.com\\\/es\\\/?s={search_term_string}\"},\"query-input\":{\"@type\":\"PropertyValueSpecification\",\"valueRequired\":true,\"valueName\":\"search_term_string\"}}],\"inLanguage\":\"es\"},{\"@type\":\"Organization\",\"@id\":\"https:\\\/\\\/funkeydj.com\\\/es\\\/#organization\",\"name\":\"FunKeyDJ\",\"url\":\"https:\\\/\\\/funkeydj.com\\\/es\\\/\",\"logo\":{\"@type\":\"ImageObject\",\"inLanguage\":\"es\",\"@id\":\"https:\\\/\\\/funkeydj.com\\\/es\\\/#\\\/schema\\\/logo\\\/image\\\/\",\"url\":\"https:\\\/\\\/funkeydj.com\\\/wp-content\\\/uploads\\\/2022\\\/02\\\/FUNKEY-DJ-02-scaled.jpg\",\"contentUrl\":\"https:\\\/\\\/funkeydj.com\\\/wp-content\\\/uploads\\\/2022\\\/02\\\/FUNKEY-DJ-02-scaled.jpg\",\"width\":2560,\"height\":1732,\"caption\":\"FunKeyDJ\"},\"image\":{\"@id\":\"https:\\\/\\\/funkeydj.com\\\/es\\\/#\\\/schema\\\/logo\\\/image\\\/\"}}]}<\/script>\n<!-- \/ Yoast SEO plugin. -->","yoast_head_json":{"title":"Aviso Legal - FunKey DJ Events","robots":{"index":"index","follow":"follow","max-snippet":"max-snippet:-1","max-image-preview":"max-image-preview:large","max-video-preview":"max-video-preview:-1"},"canonical":"https:\/\/funkeydj.com\/es\/aviso-legal\/","og_locale":"es_ES","og_type":"article","og_title":"Aviso Legal - FunKey DJ Events","og_description":"Aviso Legal\u00a0 &nbsp; Aviso Legal para p\u00e1gina web sobre FunKeyDJ (en adelante, el Sitio Web). Datos indicativos El Sitio Web y su contenido son propiedad de Miquel Andreu, 39367147W, con domicilio en Avinguda Sant Sebasti\u00e1 15, Sant Fruit\u00f3s de Bages, 08272. Pueden ponerse en contacto con nosotros, llamando al tel\u00e9fono\/WhatsApp (+34) 656430369, en horario de [&hellip;]","og_url":"https:\/\/funkeydj.com\/es\/aviso-legal\/","og_site_name":"FunKey DJ Events","article_modified_time":"2025-11-10T21:21:05+00:00","twitter_card":"summary_large_image","twitter_misc":{"Tiempo de lectura":"4 minutos"},"schema":{"@context":"https:\/\/schema.org","@graph":[{"@type":"WebPage","@id":"https:\/\/funkeydj.com\/es\/aviso-legal\/","url":"https:\/\/funkeydj.com\/es\/aviso-legal\/","name":"Aviso Legal - FunKey DJ Events","isPartOf":{"@id":"https:\/\/funkeydj.com\/es\/#website"},"datePublished":"2025-02-08T18:46:16+00:00","dateModified":"2025-11-10T21:21:05+00:00","breadcrumb":{"@id":"https:\/\/funkeydj.com\/es\/aviso-legal\/#breadcrumb"},"inLanguage":"es","potentialAction":[{"@type":"ReadAction","target":["https:\/\/funkeydj.com\/es\/aviso-legal\/"]}]},{"@type":"BreadcrumbList","@id":"https:\/\/funkeydj.com\/es\/aviso-legal\/#breadcrumb","itemListElement":[{"@type":"ListItem","position":1,"name":"Portada","item":"https:\/\/funkeydj.com\/es\/"},{"@type":"ListItem","position":2,"name":"Aviso Legal"}]},{"@type":"WebSite","@id":"https:\/\/funkeydj.com\/es\/#website","url":"https:\/\/funkeydj.com\/es\/","name":"FunKey DJ Events","description":"\u00a1Transforma tu evento en una experiencia ac\u00fastica y visual \u00fanica!","publisher":{"@id":"https:\/\/funkeydj.com\/es\/#organization"},"potentialAction":[{"@type":"SearchAction","target":{"@type":"EntryPoint","urlTemplate":"https:\/\/funkeydj.com\/es\/?s={search_term_string}"},"query-input":{"@type":"PropertyValueSpecification","valueRequired":true,"valueName":"search_term_string"}}],"inLanguage":"es"},{"@type":"Organization","@id":"https:\/\/funkeydj.com\/es\/#organization","name":"FunKeyDJ","url":"https:\/\/funkeydj.com\/es\/","logo":{"@type":"ImageObject","inLanguage":"es","@id":"https:\/\/funkeydj.com\/es\/#\/schema\/logo\/image\/","url":"https:\/\/funkeydj.com\/wp-content\/uploads\/2022\/02\/FUNKEY-DJ-02-scaled.jpg","contentUrl":"https:\/\/funkeydj.com\/wp-content\/uploads\/2022\/02\/FUNKEY-DJ-02-scaled.jpg","width":2560,"height":1732,"caption":"FunKeyDJ"},"image":{"@id":"https:\/\/funkeydj.com\/es\/#\/schema\/logo\/image\/"}}]}},"_links":{"self":[{"href":"https:\/\/funkeydj.com\/es\/wp-json\/wp\/v2\/pages\/1611","targetHints":{"allow":["GET"]}}],"collection":[{"href":"https:\/\/funkeydj.com\/es\/wp-json\/wp\/v2\/pages"}],"about":[{"href":"https:\/\/funkeydj.com\/es\/wp-json\/wp\/v2\/types\/page"}],"author":[{"embeddable":true,"href":"https:\/\/funkeydj.com\/es\/wp-json\/wp\/v2\/users\/1"}],"replies":[{"embeddable":true,"href":"https:\/\/funkeydj.com\/es\/wp-json\/wp\/v2\/comments?post=1611"}],"version-history":[{"count":2,"href":"https:\/\/funkeydj.com\/es\/wp-json\/wp\/v2\/pages\/1611\/revisions"}],"predecessor-version":[{"id":2178,"href":"https:\/\/funkeydj.com\/es\/wp-json\/wp\/v2\/pages\/1611\/revisions\/2178"}],"wp:attachment":[{"href":"https:\/\/funkeydj.com\/es\/wp-json\/wp\/v2\/media?parent=1611"}],"curies":[{"name":"wp","href":"https:\/\/api.w.org\/{rel}","templated":true}]}}